{"id":4942,"date":"2023-01-26T22:18:34","date_gmt":"2023-01-26T21:18:34","guid":{"rendered":"https:\/\/www.flexikeg.com\/?page_id=4942"},"modified":"2026-04-01T13:59:17","modified_gmt":"2026-04-01T11:59:17","slug":"contact","status":"publish","type":"page","link":"https:\/\/www.flexikeg.com\/fr\/contact\/","title":{"rendered":"Contact"},"content":{"rendered":"\t\t<div data-elementor-type=\"wp-page\" data-elementor-id=\"4942\" class=\"elementor elementor-4942\" data-elementor-post-type=\"page\">\n\t\t\t\t\t\t<section class=\"elementor-section elementor-top-section elementor-element elementor-element-ff5b5ad elementor-section-content-middle elementor-reverse-mobile elementor-section-boxed elementor-section-height-default elementor-section-height-default\" data-id=\"ff5b5ad\" data-element_type=\"section\" data-e-type=\"section\">\n\t\t\t\t\t\t<div class=\"elementor-container elementor-column-gap-default\">\n\t\t\t\t\t<div class=\"elementor-column elementor-col-100 elementor-top-column elementor-element elementor-element-841c27a\" data-id=\"841c27a\" data-element_type=\"column\" data-e-type=\"column\">\n\t\t\t<div class=\"elementor-widget-wrap elementor-element-populated\">\n\t\t\t\t\t\t<div class=\"elementor-element elementor-element-666a454 elementor-widget elementor-widget-heading\" data-id=\"666a454\" data-element_type=\"widget\" data-e-type=\"widget\" data-widget_type=\"heading.default\">\n\t\t\t\t<div class=\"elementor-widget-container\">\n\t\t\t\t\t<h1 class=\"elementor-heading-title elementor-size-default\">Contact<\/h1>\t\t\t\t<\/div>\n\t\t\t\t<\/div>\n\t\t\t\t<div class=\"elementor-element elementor-element-8064b4c elementor-widget elementor-widget-text-editor\" data-id=\"8064b4c\" data-element_type=\"widget\" data-e-type=\"widget\" data-widget_type=\"text-editor.default\">\n\t\t\t\t<div class=\"elementor-widget-container\">\n\t\t\t\t\t\t\t\t\t<p>Une question, une remarque, une id\u00e9e ?<\/p>\t\t\t\t\t\t\t\t<\/div>\n\t\t\t\t<\/div>\n\t\t\t\t\t<\/div>\n\t\t<\/div>\n\t\t\t\t\t<\/div>\n\t\t<\/section>\n\t\t\t\t<section class=\"elementor-section elementor-top-section elementor-element elementor-element-7a957c7 elementor-section-content-middle elementor-section-boxed elementor-section-height-default elementor-section-height-default\" data-id=\"7a957c7\" data-element_type=\"section\" data-e-type=\"section\">\n\t\t\t\t\t\t<div class=\"elementor-container elementor-column-gap-default\">\n\t\t\t\t\t<div class=\"elementor-column elementor-col-100 elementor-top-column elementor-element elementor-element-c6cc818\" data-id=\"c6cc818\" data-element_type=\"column\" data-e-type=\"column\">\n\t\t\t<div class=\"elementor-widget-wrap elementor-element-populated\">\n\t\t\t\t\t\t<section class=\"elementor-section elementor-inner-section elementor-element elementor-element-4b0d8de elementor-section-boxed elementor-section-height-default elementor-section-height-default\" data-id=\"4b0d8de\" data-element_type=\"section\" data-e-type=\"section\">\n\t\t\t\t\t\t<div class=\"elementor-container elementor-column-gap-default\">\n\t\t\t\t\t<div class=\"elementor-column elementor-col-50 elementor-inner-column elementor-element elementor-element-530f01b\" data-id=\"530f01b\" data-element_type=\"column\" data-e-type=\"column\">\n\t\t\t<div class=\"elementor-widget-wrap elementor-element-populated\">\n\t\t\t\t\t\t<div class=\"elementor-element elementor-element-65bdd4f elementor-widget elementor-widget-heading\" data-id=\"65bdd4f\" data-element_type=\"widget\" data-e-type=\"widget\" data-widget_type=\"heading.default\">\n\t\t\t\t<div class=\"elementor-widget-container\">\n\t\t\t\t\t<h3 class=\"elementor-heading-title elementor-size-default\">SERVICE ADMINISTRATIF<\/h3>\t\t\t\t<\/div>\n\t\t\t\t<\/div>\n\t\t\t\t<div class=\"elementor-element elementor-element-6ac42ab elementor-widget elementor-widget-text-editor\" data-id=\"6ac42ab\" data-element_type=\"widget\" data-e-type=\"widget\" data-widget_type=\"text-editor.default\">\n\t\t\t\t<div class=\"elementor-widget-container\">\n\t\t\t\t\t\t\t\t\t<p><a href=\"tel:+33232717453\">+ 33 (0)2 32 71 74 53<\/a><\/p><p><a href=\"mailto:contact@flexikeg.com\">contact@flexikeg.com\u00a0<\/a><\/p>\t\t\t\t\t\t\t\t<\/div>\n\t\t\t\t<\/div>\n\t\t\t\t\t<\/div>\n\t\t<\/div>\n\t\t\t\t<div class=\"elementor-column elementor-col-50 elementor-inner-column elementor-element elementor-element-ec2c75c\" data-id=\"ec2c75c\" data-element_type=\"column\" data-e-type=\"column\">\n\t\t\t<div class=\"elementor-widget-wrap elementor-element-populated\">\n\t\t\t\t\t\t<div class=\"elementor-element elementor-element-a4e0f64 elementor-widget elementor-widget-heading\" data-id=\"a4e0f64\" data-element_type=\"widget\" data-e-type=\"widget\" data-widget_type=\"heading.default\">\n\t\t\t\t<div class=\"elementor-widget-container\">\n\t\t\t\t\t<h3 class=\"elementor-heading-title elementor-size-default\">SERVICE COMMERCIAL<\/h3>\t\t\t\t<\/div>\n\t\t\t\t<\/div>\n\t\t\t\t<div class=\"elementor-element elementor-element-5b542c2 elementor-widget elementor-widget-text-editor\" data-id=\"5b542c2\" data-element_type=\"widget\" data-e-type=\"widget\" data-widget_type=\"text-editor.default\">\n\t\t\t\t<div class=\"elementor-widget-container\">\n\t\t\t\t\t\t\t\t\t<p><a style=\"font-size: 18px; font-weight: 400; text-align: var(--bs-body-text-align);\" href=\"tel:+33766266537\">+33 (0)7\u00a0<\/a>82 88 20 96<\/p><p><a href=\"mailto:commercial@flexikeg.com\">commercial@flexikeg.com<\/a><\/p>\t\t\t\t\t\t\t\t<\/div>\n\t\t\t\t<\/div>\n\t\t\t\t\t<\/div>\n\t\t<\/div>\n\t\t\t\t\t<\/div>\n\t\t<\/section>\n\t\t\t\t\t<\/div>\n\t\t<\/div>\n\t\t\t\t\t<\/div>\n\t\t<\/section>\n\t\t\t\t<section class=\"elementor-section elementor-top-section elementor-element elementor-element-6a55b43 elementor-section-content-middle elementor-section-boxed elementor-section-height-default elementor-section-height-default\" data-id=\"6a55b43\" data-element_type=\"section\" data-e-type=\"section\" data-settings=\"{&quot;background_background&quot;:&quot;classic&quot;}\">\n\t\t\t\t\t\t<div class=\"elementor-container elementor-column-gap-default\">\n\t\t\t\t\t<div class=\"elementor-column elementor-col-100 elementor-top-column elementor-element elementor-element-1f9a474\" data-id=\"1f9a474\" data-element_type=\"column\" data-e-type=\"column\">\n\t\t\t<div class=\"elementor-widget-wrap elementor-element-populated\">\n\t\t\t\t\t\t<div class=\"elementor-element elementor-element-238c2d9 elementor-widget__width-initial elementor-widget-mobile__width-inherit elementor-absolute elementor-hidden-tablet elementor-hidden-mobile elementor-widget elementor-widget-image\" data-id=\"238c2d9\" data-element_type=\"widget\" data-e-type=\"widget\" data-settings=\"{&quot;_position&quot;:&quot;absolute&quot;}\" data-widget_type=\"image.default\">\n\t\t\t\t<div class=\"elementor-widget-container\">\n\t\t\t\t\t\t\t\t\t\t\t\t\t\t\t<img decoding=\"async\" width=\"140\" height=\"177\" src=\"https:\/\/www.flexikeg.com\/wp-content\/uploads\/Group-206.svg\" class=\"attachment-full size-full wp-image-3323\" alt=\"\" \/>\t\t\t\t\t\t\t\t\t\t\t\t\t\t\t<\/div>\n\t\t\t\t<\/div>\n\t\t\t\t<section class=\"elementor-section elementor-inner-section elementor-element elementor-element-0c15ee3 elementor-section-boxed elementor-section-height-default elementor-section-height-default\" data-id=\"0c15ee3\" data-element_type=\"section\" data-e-type=\"section\">\n\t\t\t\t\t\t<div class=\"elementor-container elementor-column-gap-default\">\n\t\t\t\t\t<div class=\"elementor-column elementor-col-100 elementor-inner-column elementor-element elementor-element-6787df5\" data-id=\"6787df5\" data-element_type=\"column\" data-e-type=\"column\">\n\t\t\t<div class=\"elementor-widget-wrap elementor-element-populated\">\n\t\t\t\t\t\t<div class=\"elementor-element elementor-element-2a5daaa elementor-widget__width-initial form-contact elementor-widget elementor-widget-shortcode\" data-id=\"2a5daaa\" data-element_type=\"widget\" data-e-type=\"widget\" id=\"for_apply\" data-widget_type=\"shortcode.default\">\n\t\t\t\t<div class=\"elementor-widget-container\">\n\t\t\t\t\t\t\t<div class=\"elementor-shortcode\">\n<div class=\"wpcf7 no-js\" id=\"wpcf7-f4946-o1\" lang=\"fr-FR\" dir=\"ltr\" data-wpcf7-id=\"4946\">\n<div class=\"screen-reader-response\"><p role=\"status\" aria-live=\"polite\" aria-atomic=\"true\"><\/p> <ul><\/ul><\/div>\n<form action=\"\/fr\/wp-json\/wp\/v2\/pages\/4942#wpcf7-f4946-o1\" method=\"post\" class=\"wpcf7-form init\" aria-label=\"Formulaire de contact\" novalidate=\"novalidate\" data-status=\"init\">\n<fieldset class=\"hidden-fields-container\"><input type=\"hidden\" name=\"_wpcf7\" value=\"4946\" \/><input type=\"hidden\" name=\"_wpcf7_version\" value=\"6.1.5\" \/><input type=\"hidden\" name=\"_wpcf7_locale\" value=\"fr_FR\" \/><input type=\"hidden\" name=\"_wpcf7_unit_tag\" value=\"wpcf7-f4946-o1\" \/><input type=\"hidden\" name=\"_wpcf7_container_post\" value=\"0\" \/><input type=\"hidden\" name=\"_wpcf7_posted_data_hash\" value=\"\" \/>\n<\/fieldset>\n<div class=\"elementor-container elementor-column-gap-default\">\n\t<div class=\"elementor-column elementor-col-50 elementor-top-column elementor-element\">\n\t\t<div class=\"elementor-widget-wrap elementor-element-populated\">\n\t\t\t<p><span class=\"wpcf7-form-control-wrap\" data-name=\"lastname\"><input size=\"40\" maxlength=\"400\" class=\"wpcf7-form-control wpcf7-text wpcf7-validates-as-required\" id=\"lastname\" aria-required=\"true\" aria-invalid=\"false\" placeholder=\"NOM *\" value=\"\" type=\"text\" name=\"lastname\" \/><\/span><br \/>\n<span class=\"wpcf7-form-control-wrap\" data-name=\"firstname\"><input size=\"40\" maxlength=\"400\" class=\"wpcf7-form-control wpcf7-text wpcf7-validates-as-required\" id=\"firstname\" aria-required=\"true\" aria-invalid=\"false\" placeholder=\"PR\u00c9NOM *\" value=\"\" type=\"text\" name=\"firstname\" \/><\/span><br \/>\n<span class=\"wpcf7-form-control-wrap\" data-name=\"email\"><input size=\"40\" maxlength=\"400\" class=\"wpcf7-form-control wpcf7-email wpcf7-validates-as-required wpcf7-text wpcf7-validates-as-email\" id=\"email\" aria-required=\"true\" aria-invalid=\"false\" placeholder=\"E-MAIL *\" value=\"\" type=\"email\" name=\"email\" \/><\/span><br \/>\n<span class=\"wpcf7-form-control-wrap\" data-name=\"phone\"><input size=\"40\" maxlength=\"400\" class=\"wpcf7-form-control wpcf7-text wpcf7-validates-as-required\" id=\"phone\" aria-required=\"true\" aria-invalid=\"false\" placeholder=\"T\u00c9L\u00c9PHONE *\" value=\"\" type=\"text\" name=\"phone\" \/><\/span>\n\t\t\t<\/p>\n\t\t<\/div>\n\t<\/div>\n\t<div class=\"elementor-column elementor-col-50 elementor-top-column elementor-element\">\n\t\t<div class=\"elementor-widget-wrap elementor-element-populated\">\n\t\t\t<p><span class=\"wpcf7-form-control-wrap\" data-name=\"youare\"><select class=\"wpcf7-form-control wpcf7-select\" aria-invalid=\"false\" name=\"youare\"><option value=\"\">- Veuillez choisir -<\/option><option value=\"Vous \u00eates brasseur\">Vous \u00eates brasseur<\/option><option value=\"Vous \u00eates vigneron\">Vous \u00eates vigneron<\/option><option value=\"Vous \u00eates un d\u00e9bit de boisson\">Vous \u00eates un d\u00e9bit de boisson<\/option><option value=\"Vous souhaitez devenir ambassadeur\">Vous souhaitez devenir ambassadeur<\/option><option value=\"Vous avez envie de nous rejoindre\">Vous avez envie de nous rejoindre<\/option><\/select><\/span><br \/>\n<span class=\"wpcf7-form-control-wrap\" data-name=\"message\"><textarea cols=\"40\" rows=\"10\" maxlength=\"2000\" class=\"wpcf7-form-control wpcf7-textarea wpcf7-validates-as-required\" id=\"msg\" aria-required=\"true\" aria-invalid=\"false\" placeholder=\"MESSAGE * :\" name=\"message\"><\/textarea><\/span>\n\t\t\t<\/p>\n\t\t<\/div>\n\t<\/div>\n<\/div>\n<div class=\"elementor-container elementor-column-gap-default\">\n\t<div class=\"elementor-column elementor-col-50 elementor-top-column elementor-element\">\n\t\t<div class=\"elementor-widget-wrap elementor-element-populated\">\n\t\t\t<p>\n\t\t\t<\/p>\n\t\t<\/div>\n\t<\/div>\n\t<div class=\"elementor-column elementor-col-50 elementor-top-column elementor-element\">\n\t\t<div class=\"elementor-widget-wrap elementor-element-populated\" style=\"flex-direction: row-reverse;\">\n\t\t\t<p><span class=\"wpcf7-form-control-wrap\" data-name=\"hcap-cf7\">\t\t<input\n\t\t\t\ttype=\"hidden\"\n\t\t\t\tclass=\"hcaptcha-widget-id\"\n\t\t\t\tname=\"hcaptcha-widget-id\"\n\t\t\t\tvalue=\"eyJzb3VyY2UiOlsiY29udGFjdC1mb3JtLTdcL3dwLWNvbnRhY3QtZm9ybS03LnBocCJdLCJmb3JtX2lkIjo0OTQ2fQ==-47f101912c6cbd3f8dbb5d334fecd682\">\n\t\t\t\t<span id=\"hcap_cf7-69f1e3bfe673e7.96265787\" class=\"wpcf7-form-control h-captcha \"\n\t\t\tdata-sitekey=\"3ce46ac7-111e-426c-8bce-8133cb4799d4\"\n\t\t\tdata-theme=\"light\"\n\t\t\tdata-size=\"normal\"\n\t\t\tdata-auto=\"false\"\n\t\t\tdata-ajax=\"false\"\n\t\t\tdata-force=\"false\">\n\t\t<\/span>\n\t\t<input type=\"hidden\" id=\"_wpnonce\" name=\"_wpnonce\" value=\"460450c3e6\" \/><input type=\"hidden\" name=\"_wp_http_referer\" value=\"\/fr\/wp-json\/wp\/v2\/pages\/4942\" \/><\/span><input class=\"wpcf7-form-control wpcf7-submit has-spinner\" type=\"submit\" value=\"Envoyer\" \/>\n\t\t\t<\/p>\n\t\t<\/div>\n\t<\/div>\n<\/div><div class=\"wpcf7-response-output\" aria-hidden=\"true\"><\/div>\n<\/form>\n<\/div>\n<\/div>\n\t\t\t\t\t\t<\/div>\n\t\t\t\t<\/div>\n\t\t\t\t\t<\/div>\n\t\t<\/div>\n\t\t\t\t\t<\/div>\n\t\t<\/section>\n\t\t\t\t\t<\/div>\n\t\t<\/div>\n\t\t\t\t\t<\/div>\n\t\t<\/section>\n\t\t\t\t<\/div>\n\t\t","protected":false},"excerpt":{"rendered":"<p>Contact Une question, une remarque, une id\u00e9e ? SERVICE ADMINISTRATIF + 33 (0)2 32 71 74 53 contact@flexikeg.com\u00a0 SERVICE COMMERCIAL +33 (0)7\u00a082 88 20 96 commercial@flexikeg.com<\/p>\n","protected":false},"author":8,"featured_media":0,"parent":0,"menu_order":90000,"comment_status":"closed","ping_status":"closed","template":"elementor_header_footer","meta":{"_acf_changed":false,"inline_featured_image":false,"footnotes":""},"class_list":["post-4942","page","type-page","status-publish","hentry"],"acf":[],"yoast_head":"<!-- This site is optimized with the Yoast SEO plugin v26.9 - https:\/\/yoast.com\/product\/yoast-seo-wordpress\/ -->\n<title>Contact - Flexikeg - F\u00fbt flexible \u00e9co-responsable<\/title>\n<meta name=\"description\" content=\"Une question, une remarque, une id\u00e9e ? N&#039;h\u00e9sitez pas \u00e0 nous contacter via le formulaire\" \/>\n<meta name=\"robots\" content=\"index, follow, max-snippet:-1, max-image-preview:large, max-video-preview:-1\" \/>\n<link rel=\"canonical\" href=\"https:\/\/www.flexikeg.com\/fr\/contact\/\" \/>\n<meta property=\"og:locale\" content=\"fr_FR\" \/>\n<meta property=\"og:type\" content=\"article\" \/>\n<meta property=\"og:title\" content=\"Contact - Flexikeg - F\u00fbt flexible \u00e9co-responsable\" \/>\n<meta property=\"og:description\" content=\"Une question, une remarque, une id\u00e9e ? N&#039;h\u00e9sitez pas \u00e0 nous contacter via le formulaire\" \/>\n<meta property=\"og:url\" content=\"https:\/\/www.flexikeg.com\/fr\/contact\/\" \/>\n<meta property=\"og:site_name\" content=\"Flexikeg\" \/>\n<meta property=\"article:modified_time\" content=\"2026-04-01T11:59:17+00:00\" \/>\n<meta name=\"twitter:card\" content=\"summary_large_image\" \/>\n<meta name=\"twitter:label1\" content=\"Dur\u00e9e de lecture estim\u00e9e\" \/>\n\t<meta name=\"twitter:data1\" content=\"1 minute\" \/>\n<script type=\"application\/ld+json\" class=\"yoast-schema-graph\">{\"@context\":\"https:\/\/schema.org\",\"@graph\":[{\"@type\":\"WebPage\",\"@id\":\"https:\/\/www.flexikeg.com\/fr\/contact\/\",\"url\":\"https:\/\/www.flexikeg.com\/fr\/contact\/\",\"name\":\"Contact - Flexikeg - F\u00fbt flexible \u00e9co-responsable\",\"isPartOf\":{\"@id\":\"https:\/\/www.flexikeg.com\/fr\/#website\"},\"primaryImageOfPage\":{\"@id\":\"https:\/\/www.flexikeg.com\/fr\/contact\/#primaryimage\"},\"image\":{\"@id\":\"https:\/\/www.flexikeg.com\/fr\/contact\/#primaryimage\"},\"thumbnailUrl\":\"https:\/\/www.flexikeg.com\/wp-content\/uploads\/Group-206.svg\",\"datePublished\":\"2023-01-26T21:18:34+00:00\",\"dateModified\":\"2026-04-01T11:59:17+00:00\",\"description\":\"Une question, une remarque, une id\u00e9e ? N'h\u00e9sitez pas \u00e0 nous contacter via le formulaire\",\"breadcrumb\":{\"@id\":\"https:\/\/www.flexikeg.com\/fr\/contact\/#breadcrumb\"},\"inLanguage\":\"fr-FR\",\"potentialAction\":[{\"@type\":\"ReadAction\",\"target\":[\"https:\/\/www.flexikeg.com\/fr\/contact\/\"]}]},{\"@type\":\"ImageObject\",\"inLanguage\":\"fr-FR\",\"@id\":\"https:\/\/www.flexikeg.com\/fr\/contact\/#primaryimage\",\"url\":\"https:\/\/www.flexikeg.com\/wp-content\/uploads\/Group-206.svg\",\"contentUrl\":\"https:\/\/www.flexikeg.com\/wp-content\/uploads\/Group-206.svg\"},{\"@type\":\"BreadcrumbList\",\"@id\":\"https:\/\/www.flexikeg.com\/fr\/contact\/#breadcrumb\",\"itemListElement\":[{\"@type\":\"ListItem\",\"position\":1,\"name\":\"Home\",\"item\":\"https:\/\/www.flexikeg.com\/fr\/\"},{\"@type\":\"ListItem\",\"position\":2,\"name\":\"Contact\"}]},{\"@type\":\"WebSite\",\"@id\":\"https:\/\/www.flexikeg.com\/fr\/#website\",\"url\":\"https:\/\/www.flexikeg.com\/fr\/\",\"name\":\"Flexikeg\",\"description\":\"F\u00fbt flexible \u00e9co-responsable\",\"publisher\":{\"@id\":\"https:\/\/www.flexikeg.com\/fr\/#organization\"},\"potentialAction\":[{\"@type\":\"SearchAction\",\"target\":{\"@type\":\"EntryPoint\",\"urlTemplate\":\"https:\/\/www.flexikeg.com\/fr\/?s={search_term_string}\"},\"query-input\":{\"@type\":\"PropertyValueSpecification\",\"valueRequired\":true,\"valueName\":\"search_term_string\"}}],\"inLanguage\":\"fr-FR\"},{\"@type\":\"Organization\",\"@id\":\"https:\/\/www.flexikeg.com\/fr\/#organization\",\"name\":\"Flexikeg\",\"url\":\"https:\/\/www.flexikeg.com\/fr\/\",\"logo\":{\"@type\":\"ImageObject\",\"inLanguage\":\"fr-FR\",\"@id\":\"https:\/\/www.flexikeg.com\/fr\/#\/schema\/logo\/image\/\",\"url\":\"https:\/\/www.flexikeg.com\/wp-content\/uploads\/ColibriLogoBaselineVert.png\",\"contentUrl\":\"https:\/\/www.flexikeg.com\/wp-content\/uploads\/ColibriLogoBaselineVert.png\",\"width\":1054,\"height\":423,\"caption\":\"Flexikeg\"},\"image\":{\"@id\":\"https:\/\/www.flexikeg.com\/fr\/#\/schema\/logo\/image\/\"}}]}<\/script>\n<!-- \/ Yoast SEO plugin. -->","yoast_head_json":{"title":"Contact - Flexikeg - F\u00fbt flexible \u00e9co-responsable","description":"Une question, une remarque, une id\u00e9e ? N'h\u00e9sitez pas \u00e0 nous contacter via le formulaire","robots":{"index":"index","follow":"follow","max-snippet":"max-snippet:-1","max-image-preview":"max-image-preview:large","max-video-preview":"max-video-preview:-1"},"canonical":"https:\/\/www.flexikeg.com\/fr\/contact\/","og_locale":"fr_FR","og_type":"article","og_title":"Contact - Flexikeg - F\u00fbt flexible \u00e9co-responsable","og_description":"Une question, une remarque, une id\u00e9e ? N'h\u00e9sitez pas \u00e0 nous contacter via le formulaire","og_url":"https:\/\/www.flexikeg.com\/fr\/contact\/","og_site_name":"Flexikeg","article_modified_time":"2026-04-01T11:59:17+00:00","twitter_card":"summary_large_image","twitter_misc":{"Dur\u00e9e de lecture estim\u00e9e":"1 minute"},"schema":{"@context":"https:\/\/schema.org","@graph":[{"@type":"WebPage","@id":"https:\/\/www.flexikeg.com\/fr\/contact\/","url":"https:\/\/www.flexikeg.com\/fr\/contact\/","name":"Contact - Flexikeg - F\u00fbt flexible \u00e9co-responsable","isPartOf":{"@id":"https:\/\/www.flexikeg.com\/fr\/#website"},"primaryImageOfPage":{"@id":"https:\/\/www.flexikeg.com\/fr\/contact\/#primaryimage"},"image":{"@id":"https:\/\/www.flexikeg.com\/fr\/contact\/#primaryimage"},"thumbnailUrl":"https:\/\/www.flexikeg.com\/wp-content\/uploads\/Group-206.svg","datePublished":"2023-01-26T21:18:34+00:00","dateModified":"2026-04-01T11:59:17+00:00","description":"Une question, une remarque, une id\u00e9e ? N'h\u00e9sitez pas \u00e0 nous contacter via le formulaire","breadcrumb":{"@id":"https:\/\/www.flexikeg.com\/fr\/contact\/#breadcrumb"},"inLanguage":"fr-FR","potentialAction":[{"@type":"ReadAction","target":["https:\/\/www.flexikeg.com\/fr\/contact\/"]}]},{"@type":"ImageObject","inLanguage":"fr-FR","@id":"https:\/\/www.flexikeg.com\/fr\/contact\/#primaryimage","url":"https:\/\/www.flexikeg.com\/wp-content\/uploads\/Group-206.svg","contentUrl":"https:\/\/www.flexikeg.com\/wp-content\/uploads\/Group-206.svg"},{"@type":"BreadcrumbList","@id":"https:\/\/www.flexikeg.com\/fr\/contact\/#breadcrumb","itemListElement":[{"@type":"ListItem","position":1,"name":"Home","item":"https:\/\/www.flexikeg.com\/fr\/"},{"@type":"ListItem","position":2,"name":"Contact"}]},{"@type":"WebSite","@id":"https:\/\/www.flexikeg.com\/fr\/#website","url":"https:\/\/www.flexikeg.com\/fr\/","name":"Flexikeg","description":"F\u00fbt flexible \u00e9co-responsable","publisher":{"@id":"https:\/\/www.flexikeg.com\/fr\/#organization"},"potentialAction":[{"@type":"SearchAction","target":{"@type":"EntryPoint","urlTemplate":"https:\/\/www.flexikeg.com\/fr\/?s={search_term_string}"},"query-input":{"@type":"PropertyValueSpecification","valueRequired":true,"valueName":"search_term_string"}}],"inLanguage":"fr-FR"},{"@type":"Organization","@id":"https:\/\/www.flexikeg.com\/fr\/#organization","name":"Flexikeg","url":"https:\/\/www.flexikeg.com\/fr\/","logo":{"@type":"ImageObject","inLanguage":"fr-FR","@id":"https:\/\/www.flexikeg.com\/fr\/#\/schema\/logo\/image\/","url":"https:\/\/www.flexikeg.com\/wp-content\/uploads\/ColibriLogoBaselineVert.png","contentUrl":"https:\/\/www.flexikeg.com\/wp-content\/uploads\/ColibriLogoBaselineVert.png","width":1054,"height":423,"caption":"Flexikeg"},"image":{"@id":"https:\/\/www.flexikeg.com\/fr\/#\/schema\/logo\/image\/"}}]}},"_links":{"self":[{"href":"https:\/\/www.flexikeg.com\/fr\/wp-json\/wp\/v2\/pages\/4942","targetHints":{"allow":["GET"]}}],"collection":[{"href":"https:\/\/www.flexikeg.com\/fr\/wp-json\/wp\/v2\/pages"}],"about":[{"href":"https:\/\/www.flexikeg.com\/fr\/wp-json\/wp\/v2\/types\/page"}],"author":[{"embeddable":true,"href":"https:\/\/www.flexikeg.com\/fr\/wp-json\/wp\/v2\/users\/8"}],"replies":[{"embeddable":true,"href":"https:\/\/www.flexikeg.com\/fr\/wp-json\/wp\/v2\/comments?post=4942"}],"version-history":[{"count":11,"href":"https:\/\/www.flexikeg.com\/fr\/wp-json\/wp\/v2\/pages\/4942\/revisions"}],"predecessor-version":[{"id":6113,"href":"https:\/\/www.flexikeg.com\/fr\/wp-json\/wp\/v2\/pages\/4942\/revisions\/6113"}],"wp:attachment":[{"href":"https:\/\/www.flexikeg.com\/fr\/wp-json\/wp\/v2\/media?parent=4942"}],"curies":[{"name":"wp","href":"https:\/\/api.w.org\/{rel}","templated":true}]}}