{"id":30,"date":"2022-12-28T06:21:57","date_gmt":"2022-12-28T05:21:57","guid":{"rendered":"https:\/\/www.flexikeg.com\/?page_id=30"},"modified":"2023-07-03T10:07:29","modified_gmt":"2023-07-03T08:07:29","slug":"recrutement","status":"publish","type":"page","link":"https:\/\/www.flexikeg.com\/fr\/recrutement\/","title":{"rendered":"Recrutement"},"content":{"rendered":"\t\t<div data-elementor-type=\"wp-page\" data-elementor-id=\"30\" class=\"elementor elementor-30\" data-elementor-post-type=\"page\">\n\t\t\t\t\t\t<section class=\"elementor-section elementor-top-section elementor-element elementor-element-ff5b5ad elementor-section-content-middle elementor-reverse-mobile elementor-section-boxed elementor-section-height-default elementor-section-height-default\" data-id=\"ff5b5ad\" data-element_type=\"section\" data-e-type=\"section\">\n\t\t\t\t\t\t<div class=\"elementor-container elementor-column-gap-default\">\n\t\t\t\t\t<div class=\"elementor-column elementor-col-50 elementor-top-column elementor-element elementor-element-4fd65c5\" data-id=\"4fd65c5\" data-element_type=\"column\" data-e-type=\"column\">\n\t\t\t<div class=\"elementor-widget-wrap elementor-element-populated\">\n\t\t\t\t\t\t<div class=\"elementor-element elementor-element-12aad34 elementor-widget elementor-widget-image\" data-id=\"12aad34\" data-element_type=\"widget\" data-e-type=\"widget\" data-widget_type=\"image.default\">\n\t\t\t\t<div class=\"elementor-widget-container\">\n\t\t\t\t\t\t\t\t\t\t\t\t\t\t\t<img fetchpriority=\"high\" decoding=\"async\" width=\"2000\" height=\"1056\" src=\"https:\/\/www.flexikeg.com\/wp-content\/uploads\/flexikeg-equipe-1.jpg\" class=\"attachment-full size-full wp-image-5169\" alt=\"\" srcset=\"https:\/\/www.flexikeg.com\/wp-content\/uploads\/flexikeg-equipe-1.jpg 2000w, https:\/\/www.flexikeg.com\/wp-content\/uploads\/flexikeg-equipe-1-300x158.jpg 300w, https:\/\/www.flexikeg.com\/wp-content\/uploads\/flexikeg-equipe-1-1024x541.jpg 1024w, https:\/\/www.flexikeg.com\/wp-content\/uploads\/flexikeg-equipe-1-768x406.jpg 768w, https:\/\/www.flexikeg.com\/wp-content\/uploads\/flexikeg-equipe-1-1536x811.jpg 1536w\" sizes=\"(max-width: 2000px) 100vw, 2000px\" \/>\t\t\t\t\t\t\t\t\t\t\t\t\t\t\t<\/div>\n\t\t\t\t<\/div>\n\t\t\t\t\t<\/div>\n\t\t<\/div>\n\t\t\t\t<div class=\"elementor-column elementor-col-50 elementor-top-column elementor-element elementor-element-841c27a\" data-id=\"841c27a\" data-element_type=\"column\" data-e-type=\"column\">\n\t\t\t<div class=\"elementor-widget-wrap elementor-element-populated\">\n\t\t\t\t\t\t<div class=\"elementor-element elementor-element-666a454 elementor-widget elementor-widget-heading\" data-id=\"666a454\" data-element_type=\"widget\" data-e-type=\"widget\" data-widget_type=\"heading.default\">\n\t\t\t\t<div class=\"elementor-widget-container\">\n\t\t\t\t\t<h1 class=\"elementor-heading-title elementor-size-default\">Flexikeg recrute !<\/h1>\t\t\t\t<\/div>\n\t\t\t\t<\/div>\n\t\t\t\t<div class=\"elementor-element elementor-element-8064b4c elementor-widget elementor-widget-text-editor\" data-id=\"8064b4c\" data-element_type=\"widget\" data-e-type=\"widget\" data-widget_type=\"text-editor.default\">\n\t\t\t\t<div class=\"elementor-widget-container\">\n\t\t\t\t\t\t\t\t\t<p>Notre ambition est de contribuer \u00e0 notre \u00e9chelle \u00e0 l\u2019acc\u00e9l\u00e9ration de la transition \u00e9cologique.<\/p><p>Pour cela, nous avons con\u00e7u des f\u00fbts innovants, 100% \u00e9co-responsables, \u00e9galement \u00e9conomiques et flexibles. Nous donnons les moyens aux acteurs de l\u2019\u00e9cosyst\u00e8me des boissons (producteurs, distributeurs) d\u2019int\u00e9grer une vraie dimension \u00e9co-responsable dans leur activit\u00e9.<\/p><p>Ainsi, nous aidons les brasseurs artisanaux, les vignerons, les coop\u00e9ratives, les producteurs de jus, de cidre ou encore les restaurateurs \u00e0 faire \u00e9voluer le stockage, le transport et la distribution de leurs productions liquides.<\/p>\t\t\t\t\t\t\t\t<\/div>\n\t\t\t\t<\/div>\n\t\t\t\t\t<\/div>\n\t\t<\/div>\n\t\t\t\t\t<\/div>\n\t\t<\/section>\n\t\t\t\t<section class=\"elementor-section elementor-top-section elementor-element elementor-element-6a55b43 elementor-section-content-middle elementor-section-boxed elementor-section-height-default elementor-section-height-default\" data-id=\"6a55b43\" data-element_type=\"section\" data-e-type=\"section\" data-settings=\"{&quot;background_background&quot;:&quot;classic&quot;}\">\n\t\t\t\t\t\t<div class=\"elementor-container elementor-column-gap-default\">\n\t\t\t\t\t<div class=\"elementor-column elementor-col-100 elementor-top-column elementor-element elementor-element-1f9a474\" data-id=\"1f9a474\" data-element_type=\"column\" data-e-type=\"column\">\n\t\t\t<div class=\"elementor-widget-wrap elementor-element-populated\">\n\t\t\t\t\t\t<div class=\"elementor-element elementor-element-d640254 elementor-widget__width-initial elementor-widget-mobile__width-inherit elementor-widget elementor-widget-image\" data-id=\"d640254\" data-element_type=\"widget\" data-e-type=\"widget\" data-widget_type=\"image.default\">\n\t\t\t\t<div class=\"elementor-widget-container\">\n\t\t\t\t\t\t\t\t\t\t\t\t\t\t\t<img decoding=\"async\" width=\"84\" height=\"73\" src=\"https:\/\/www.flexikeg.com\/wp-content\/uploads\/Group-204.svg\" class=\"attachment-full size-full wp-image-3308\" alt=\"\" \/>\t\t\t\t\t\t\t\t\t\t\t\t\t\t\t<\/div>\n\t\t\t\t<\/div>\n\t\t\t\t<div class=\"elementor-element elementor-element-c1b9481 elementor-widget__width-initial elementor-widget-mobile__width-inherit elementor-widget elementor-widget-text-editor\" data-id=\"c1b9481\" data-element_type=\"widget\" data-e-type=\"widget\" data-widget_type=\"text-editor.default\">\n\t\t\t\t<div class=\"elementor-widget-container\">\n\t\t\t\t\t\t\t\t\t<p>Notre entreprise innovante est en pleine croissance : nous cherchons de nouveaux talents souhaitant venir y jouer un r\u00f4le actif !<\/p><p>Vous souhaitez participer \u00e0 une aventure humaine sur un produit innovant, bon pour la plan\u00e8te ?<\/p><p><a href=\"https:\/\/www.flexikeg.com\/contact\/\">Contactez-nous !<\/a><\/p>\t\t\t\t\t\t\t\t<\/div>\n\t\t\t\t<\/div>\n\t\t\t\t<div class=\"elementor-element elementor-element-238c2d9 elementor-widget__width-initial elementor-widget-mobile__width-inherit elementor-widget elementor-widget-image\" data-id=\"238c2d9\" data-element_type=\"widget\" data-e-type=\"widget\" data-widget_type=\"image.default\">\n\t\t\t\t<div class=\"elementor-widget-container\">\n\t\t\t\t\t\t\t\t\t\t\t\t\t\t\t<img decoding=\"async\" width=\"140\" height=\"177\" src=\"https:\/\/www.flexikeg.com\/wp-content\/uploads\/Group-206.svg\" class=\"attachment-full size-full wp-image-3323\" alt=\"\" \/>\t\t\t\t\t\t\t\t\t\t\t\t\t\t\t<\/div>\n\t\t\t\t<\/div>\n\t\t\t\t\t<\/div>\n\t\t<\/div>\n\t\t\t\t\t<\/div>\n\t\t<\/section>\n\t\t\t\t<section class=\"elementor-section elementor-top-section elementor-element elementor-element-afb2830 elementor-section-boxed elementor-section-height-default elementor-section-height-default\" data-id=\"afb2830\" data-element_type=\"section\" data-e-type=\"section\">\n\t\t\t\t\t\t<div class=\"elementor-container elementor-column-gap-default\">\n\t\t\t\t\t<div class=\"elementor-column elementor-col-33 elementor-top-column elementor-element elementor-element-88f9bb0\" data-id=\"88f9bb0\" data-element_type=\"column\" data-e-type=\"column\">\n\t\t\t<div class=\"elementor-widget-wrap elementor-element-populated\">\n\t\t\t\t\t\t<div class=\"elementor-element elementor-element-bd00f88 elementor-widget elementor-widget-heading\" data-id=\"bd00f88\" data-element_type=\"widget\" data-e-type=\"widget\" data-widget_type=\"heading.default\">\n\t\t\t\t<div class=\"elementor-widget-container\">\n\t\t\t\t\t<h2 class=\"elementor-heading-title elementor-size-default\">NOTRE PROMESSE<\/h2>\t\t\t\t<\/div>\n\t\t\t\t<\/div>\n\t\t\t\t<div class=\"elementor-element elementor-element-8697824 elementor-widget elementor-widget-text-editor\" data-id=\"8697824\" data-element_type=\"widget\" data-e-type=\"widget\" data-widget_type=\"text-editor.default\">\n\t\t\t\t<div class=\"elementor-widget-container\">\n\t\t\t\t\t\t\t\t\t<p><span style=\"background-color: var(--bs-body-bg); text-align: var(--bs-body-text-align);\">Chez Flexikeg, nos valeurs sont sinc\u00e8res. Le respect, l\u2019innovation et le collectif ne sont pas que des mots. Ces trois valeurs, au c\u0153ur de notre ADN, sont ce que nous vivons et partageons chaque jour avec nos collaborateurs. Nous pr\u00f4nons la diversit\u00e9 et l\u2019\u00e9galit\u00e9 des chances.<\/span><br><\/p>\n<p>Chez nous, chacun est excellent dans son domaine et cultive un \u00e9tat d\u2019esprit constructif, dans lequel la solidarit\u00e9 avec le reste de l\u2019\u00e9quipe est un r\u00e9flexe naturel !<\/p>\n<p>Si vous aussi, vous conjuguez Excellence et valeurs Humaines, rejoignez-nous !<\/p>\t\t\t\t\t\t\t\t<\/div>\n\t\t\t\t<\/div>\n\t\t\t\t\t<\/div>\n\t\t<\/div>\n\t\t\t\t<div class=\"elementor-column elementor-col-33 elementor-top-column elementor-element elementor-element-dc5100c\" data-id=\"dc5100c\" data-element_type=\"column\" data-e-type=\"column\">\n\t\t\t<div class=\"elementor-widget-wrap elementor-element-populated\">\n\t\t\t\t\t\t<div class=\"elementor-element elementor-element-bbdb7e6 elementor-widget elementor-widget-heading\" data-id=\"bbdb7e6\" data-element_type=\"widget\" data-e-type=\"widget\" data-widget_type=\"heading.default\">\n\t\t\t\t<div class=\"elementor-widget-container\">\n\t\t\t\t\t<h2 class=\"elementor-heading-title elementor-size-default\">POUR QUOI NOUS REJOINDRE ?<\/h2>\t\t\t\t<\/div>\n\t\t\t\t<\/div>\n\t\t\t\t<div class=\"elementor-element elementor-element-1838e7a ul_list elementor-widget elementor-widget-text-editor\" data-id=\"1838e7a\" data-element_type=\"widget\" data-e-type=\"widget\" data-widget_type=\"text-editor.default\">\n\t\t\t\t<div class=\"elementor-widget-container\">\n\t\t\t\t\t\t\t\t\t<p><span style=\"color: var( --e-global-color-text ); font-size: var( --e-global-typography-text-font-size ); font-weight: var( --e-global-typography-text-font-weight ); background-color: var(--bs-body-bg); text-align: var(--bs-body-text-align);\">Vous avez envie de<\/span>\u00a0:<\/p><ul><li>exercer un m\u00e9tier qui a de l\u2019impact\u00a0<\/li><li>relever des d\u00e9fis d\u2019aujourd\u2019hui et de demain\u00a0<\/li><li>partager des valeurs communes\u00a0<\/li><li>travailler en autonomie et pouvoir \u00eatre force de proposition tous les jours\u00a0<\/li><li>vivre une exp\u00e9rience forte, y apporter une \u00e9nergie d\u00e9bordante\u00a0<\/li><li>un poste et une \u00e9quipe qui vous permettent d\u2019\u00eatre vous-m\u00eame<\/li><\/ul><div>\u00a0<\/div><div>Nous recrutons dans les domaines de la\u00a0<span style=\"color: var( --e-global-color-text ); font-size: var( --e-global-typography-text-font-size ); font-weight: var( --e-global-typography-text-font-weight ); background-color: var(--bs-body-bg); text-align: var(--bs-body-text-align);\">Recherche &amp; Innovation, la Production, la Qualit\u00e9, le Commerce, le SAV, les Achats, &#8230;<\/span><span style=\"color: var( --e-global-color-text ); font-size: var( --e-global-typography-text-font-size ); font-weight: var( --e-global-typography-text-font-weight ); background-color: var(--bs-body-bg); text-align: var(--bs-body-text-align);\">\u00a0<\/span><\/div>\t\t\t\t\t\t\t\t<\/div>\n\t\t\t\t<\/div>\n\t\t\t\t\t<\/div>\n\t\t<\/div>\n\t\t\t\t<div class=\"elementor-column elementor-col-33 elementor-top-column elementor-element elementor-element-b3335f6\" data-id=\"b3335f6\" data-element_type=\"column\" data-e-type=\"column\">\n\t\t\t<div class=\"elementor-widget-wrap elementor-element-populated\">\n\t\t\t\t\t\t<div class=\"elementor-element elementor-element-4a7682a elementor-widget elementor-widget-heading\" data-id=\"4a7682a\" data-element_type=\"widget\" data-e-type=\"widget\" data-widget_type=\"heading.default\">\n\t\t\t\t<div class=\"elementor-widget-container\">\n\t\t\t\t\t<h2 class=\"elementor-heading-title elementor-size-default\">Postulez d\u00e8s maintenant&nbsp;!<\/h2>\t\t\t\t<\/div>\n\t\t\t\t<\/div>\n\t\t\t\t<div class=\"elementor-element elementor-element-2a5daaa elementor-widget__width-initial elementor-widget elementor-widget-shortcode\" data-id=\"2a5daaa\" data-element_type=\"widget\" data-e-type=\"widget\" id=\"for_apply\" data-widget_type=\"shortcode.default\">\n\t\t\t\t<div class=\"elementor-widget-container\">\n\t\t\t\t\t\t\t<div class=\"elementor-shortcode\">\n<div class=\"wpcf7 no-js\" id=\"wpcf7-f3366-o1\" lang=\"fr-FR\" dir=\"ltr\" data-wpcf7-id=\"3366\">\n<div class=\"screen-reader-response\"><p role=\"status\" aria-live=\"polite\" aria-atomic=\"true\"><\/p> <ul><\/ul><\/div>\n<form action=\"\/fr\/wp-json\/wp\/v2\/pages\/30#wpcf7-f3366-o1\" method=\"post\" class=\"wpcf7-form init\" aria-label=\"Formulaire de contact\" novalidate=\"novalidate\" data-status=\"init\">\n<fieldset class=\"hidden-fields-container\"><input type=\"hidden\" name=\"_wpcf7\" value=\"3366\" \/><input type=\"hidden\" name=\"_wpcf7_version\" value=\"6.1.5\" \/><input type=\"hidden\" name=\"_wpcf7_locale\" value=\"fr_FR\" \/><input type=\"hidden\" name=\"_wpcf7_unit_tag\" value=\"wpcf7-f3366-o1\" \/><input type=\"hidden\" name=\"_wpcf7_container_post\" value=\"0\" \/><input type=\"hidden\" name=\"_wpcf7_posted_data_hash\" value=\"\" \/>\n<\/fieldset>\n<p><span class=\"wpcf7-form-control-wrap\" data-name=\"lastname\"><input size=\"40\" maxlength=\"400\" class=\"wpcf7-form-control wpcf7-text wpcf7-validates-as-required\" id=\"lastname\" aria-required=\"true\" aria-invalid=\"false\" placeholder=\"NOM *\" value=\"\" type=\"text\" name=\"lastname\" \/><\/span>\n<\/p>\n<p><span class=\"wpcf7-form-control-wrap\" data-name=\"firstname\"><input size=\"40\" maxlength=\"400\" class=\"wpcf7-form-control wpcf7-text wpcf7-validates-as-required\" id=\"firstname\" aria-required=\"true\" aria-invalid=\"false\" placeholder=\"PR\u00c9NOM *\" value=\"\" type=\"text\" name=\"firstname\" \/><\/span>\n<\/p>\n<p><span class=\"wpcf7-form-control-wrap\" data-name=\"email\"><input size=\"40\" maxlength=\"400\" class=\"wpcf7-form-control wpcf7-email wpcf7-validates-as-required wpcf7-text wpcf7-validates-as-email\" id=\"email\" aria-required=\"true\" aria-invalid=\"false\" placeholder=\"E-MAIL *\" value=\"\" type=\"email\" name=\"email\" \/><\/span>\n<\/p>\n<p><span class=\"wpcf7-form-control-wrap\" data-name=\"phone\"><input size=\"40\" maxlength=\"400\" class=\"wpcf7-form-control wpcf7-text wpcf7-validates-as-required\" id=\"phone\" aria-required=\"true\" aria-invalid=\"false\" placeholder=\"T\u00c9L\u00c9PHONE *\" value=\"\" type=\"text\" name=\"phone\" \/><\/span>\n<\/p>\n<p><span class=\"wpcf7-form-control-wrap\" data-name=\"message\"><textarea cols=\"40\" rows=\"10\" maxlength=\"2000\" class=\"wpcf7-form-control wpcf7-textarea wpcf7-validates-as-required\" id=\"msg\" aria-required=\"true\" aria-invalid=\"false\" placeholder=\"MESSAGE * :\" name=\"message\"><\/textarea><\/span>\n<\/p>\n<div style=\"text-align: right;\">\n\t<p><span class=\"wpcf7-form-control-wrap\" data-name=\"hcap-cf7\">\t\t<input\n\t\t\t\ttype=\"hidden\"\n\t\t\t\tclass=\"hcaptcha-widget-id\"\n\t\t\t\tname=\"hcaptcha-widget-id\"\n\t\t\t\tvalue=\"eyJzb3VyY2UiOlsiY29udGFjdC1mb3JtLTdcL3dwLWNvbnRhY3QtZm9ybS03LnBocCJdLCJmb3JtX2lkIjozMzY2fQ==-4b70539cdc6b9437b400481f6bc8fce9\">\n\t\t\t\t<span id=\"hcap_cf7-6a05f1291220c8.40423492\" class=\"wpcf7-form-control h-captcha \"\n\t\t\tdata-sitekey=\"3ce46ac7-111e-426c-8bce-8133cb4799d4\"\n\t\t\tdata-theme=\"light\"\n\t\t\tdata-size=\"normal\"\n\t\t\tdata-auto=\"false\"\n\t\t\tdata-ajax=\"false\"\n\t\t\tdata-force=\"false\">\n\t\t<\/span>\n\t\t<input type=\"hidden\" id=\"_wpnonce\" name=\"_wpnonce\" value=\"494af2ecda\" \/><input type=\"hidden\" name=\"_wp_http_referer\" value=\"\/fr\/wp-json\/wp\/v2\/pages\/30\" \/><\/span><input class=\"wpcf7-form-control wpcf7-submit has-spinner\" type=\"submit\" value=\"Je postule\" \/>\n\t<\/p>\n<\/div><div class=\"wpcf7-response-output\" aria-hidden=\"true\"><\/div>\n<\/form>\n<\/div>\n<\/div>\n\t\t\t\t\t\t<\/div>\n\t\t\t\t<\/div>\n\t\t\t\t\t<\/div>\n\t\t<\/div>\n\t\t\t\t\t<\/div>\n\t\t<\/section>\n\t\t\t\t<\/div>\n\t\t","protected":false},"excerpt":{"rendered":"<p>Flexikeg recrute ! Notre ambition est de contribuer \u00e0 notre \u00e9chelle \u00e0 l\u2019acc\u00e9l\u00e9ration de la transition \u00e9cologique. Pour cela, nous avons con\u00e7u des f\u00fbts innovants, 100% \u00e9co-responsables, \u00e9galement \u00e9conomiques et flexibles. Nous donnons les moyens aux acteurs de l\u2019\u00e9cosyst\u00e8me des boissons (producteurs, distributeurs) d\u2019int\u00e9grer une vraie dimension \u00e9co-responsable dans leur activit\u00e9. Ainsi, nous aidons les [&hellip;]<\/p>\n","protected":false},"author":8,"featured_media":0,"parent":0,"menu_order":50000,"comment_status":"closed","ping_status":"closed","template":"elementor_header_footer","meta":{"_acf_changed":false,"inline_featured_image":false,"footnotes":""},"class_list":["post-30","page","type-page","status-publish","hentry"],"acf":[],"yoast_head":"<!-- This site is optimized with the Yoast SEO plugin v26.9 - https:\/\/yoast.com\/product\/yoast-seo-wordpress\/ -->\n<title>Flexikeg recrute ! - Flexikeg - F\u00fbt flexible \u00e9co-responsable<\/title>\n<meta name=\"description\" content=\"Flexikeg recrute ! Notre ambition est de contribuer \u00e0 notre \u00e9chelle \u00e0 l\u2019acc\u00e9l\u00e9ration de la transition \u00e9cologique.\" \/>\n<meta name=\"robots\" content=\"index, follow, max-snippet:-1, max-image-preview:large, max-video-preview:-1\" \/>\n<link rel=\"canonical\" href=\"https:\/\/www.flexikeg.com\/fr\/recrutement\/\" \/>\n<meta property=\"og:locale\" content=\"fr_FR\" \/>\n<meta property=\"og:type\" content=\"article\" \/>\n<meta property=\"og:title\" content=\"Flexikeg recrute ! - Flexikeg - F\u00fbt flexible \u00e9co-responsable\" \/>\n<meta property=\"og:description\" content=\"Flexikeg recrute ! Notre ambition est de contribuer \u00e0 notre \u00e9chelle \u00e0 l\u2019acc\u00e9l\u00e9ration de la transition \u00e9cologique.\" \/>\n<meta property=\"og:url\" content=\"https:\/\/www.flexikeg.com\/fr\/recrutement\/\" \/>\n<meta property=\"og:site_name\" content=\"Flexikeg\" \/>\n<meta property=\"article:modified_time\" content=\"2023-07-03T08:07:29+00:00\" \/>\n<meta property=\"og:image\" content=\"https:\/\/www.waci5162.odns.fr\/wp-content\/uploads\/flexikeg-equipe-1.jpg\" \/>\n<meta name=\"twitter:card\" content=\"summary_large_image\" \/>\n<meta name=\"twitter:label1\" content=\"Dur\u00e9e de lecture estim\u00e9e\" \/>\n\t<meta name=\"twitter:data1\" content=\"3 minutes\" \/>\n<script type=\"application\/ld+json\" class=\"yoast-schema-graph\">{\"@context\":\"https:\/\/schema.org\",\"@graph\":[{\"@type\":\"WebPage\",\"@id\":\"https:\/\/www.flexikeg.com\/fr\/recrutement\/\",\"url\":\"https:\/\/www.flexikeg.com\/fr\/recrutement\/\",\"name\":\"Flexikeg recrute ! - Flexikeg - F\u00fbt flexible \u00e9co-responsable\",\"isPartOf\":{\"@id\":\"https:\/\/www.flexikeg.com\/fr\/#website\"},\"primaryImageOfPage\":{\"@id\":\"https:\/\/www.flexikeg.com\/fr\/recrutement\/#primaryimage\"},\"image\":{\"@id\":\"https:\/\/www.flexikeg.com\/fr\/recrutement\/#primaryimage\"},\"thumbnailUrl\":\"https:\/\/www.waci5162.odns.fr\/wp-content\/uploads\/flexikeg-equipe-1.jpg\",\"datePublished\":\"2022-12-28T05:21:57+00:00\",\"dateModified\":\"2023-07-03T08:07:29+00:00\",\"description\":\"Flexikeg recrute ! Notre ambition est de contribuer \u00e0 notre \u00e9chelle \u00e0 l\u2019acc\u00e9l\u00e9ration de la transition \u00e9cologique.\",\"breadcrumb\":{\"@id\":\"https:\/\/www.flexikeg.com\/fr\/recrutement\/#breadcrumb\"},\"inLanguage\":\"fr-FR\",\"potentialAction\":[{\"@type\":\"ReadAction\",\"target\":[\"https:\/\/www.flexikeg.com\/fr\/recrutement\/\"]}]},{\"@type\":\"ImageObject\",\"inLanguage\":\"fr-FR\",\"@id\":\"https:\/\/www.flexikeg.com\/fr\/recrutement\/#primaryimage\",\"url\":\"https:\/\/www.waci5162.odns.fr\/wp-content\/uploads\/flexikeg-equipe-1.jpg\",\"contentUrl\":\"https:\/\/www.waci5162.odns.fr\/wp-content\/uploads\/flexikeg-equipe-1.jpg\"},{\"@type\":\"BreadcrumbList\",\"@id\":\"https:\/\/www.flexikeg.com\/fr\/recrutement\/#breadcrumb\",\"itemListElement\":[{\"@type\":\"ListItem\",\"position\":1,\"name\":\"Home\",\"item\":\"https:\/\/www.flexikeg.com\/fr\/\"},{\"@type\":\"ListItem\",\"position\":2,\"name\":\"Recrutement\"}]},{\"@type\":\"WebSite\",\"@id\":\"https:\/\/www.flexikeg.com\/fr\/#website\",\"url\":\"https:\/\/www.flexikeg.com\/fr\/\",\"name\":\"Flexikeg\",\"description\":\"F\u00fbt flexible \u00e9co-responsable\",\"publisher\":{\"@id\":\"https:\/\/www.flexikeg.com\/fr\/#organization\"},\"potentialAction\":[{\"@type\":\"SearchAction\",\"target\":{\"@type\":\"EntryPoint\",\"urlTemplate\":\"https:\/\/www.flexikeg.com\/fr\/?s={search_term_string}\"},\"query-input\":{\"@type\":\"PropertyValueSpecification\",\"valueRequired\":true,\"valueName\":\"search_term_string\"}}],\"inLanguage\":\"fr-FR\"},{\"@type\":\"Organization\",\"@id\":\"https:\/\/www.flexikeg.com\/fr\/#organization\",\"name\":\"Flexikeg\",\"url\":\"https:\/\/www.flexikeg.com\/fr\/\",\"logo\":{\"@type\":\"ImageObject\",\"inLanguage\":\"fr-FR\",\"@id\":\"https:\/\/www.flexikeg.com\/fr\/#\/schema\/logo\/image\/\",\"url\":\"https:\/\/www.flexikeg.com\/wp-content\/uploads\/ColibriLogoBaselineVert.png\",\"contentUrl\":\"https:\/\/www.flexikeg.com\/wp-content\/uploads\/ColibriLogoBaselineVert.png\",\"width\":1054,\"height\":423,\"caption\":\"Flexikeg\"},\"image\":{\"@id\":\"https:\/\/www.flexikeg.com\/fr\/#\/schema\/logo\/image\/\"}}]}<\/script>\n<!-- \/ Yoast SEO plugin. -->","yoast_head_json":{"title":"Flexikeg recrute ! - Flexikeg - F\u00fbt flexible \u00e9co-responsable","description":"Flexikeg recrute ! Notre ambition est de contribuer \u00e0 notre \u00e9chelle \u00e0 l\u2019acc\u00e9l\u00e9ration de la transition \u00e9cologique.","robots":{"index":"index","follow":"follow","max-snippet":"max-snippet:-1","max-image-preview":"max-image-preview:large","max-video-preview":"max-video-preview:-1"},"canonical":"https:\/\/www.flexikeg.com\/fr\/recrutement\/","og_locale":"fr_FR","og_type":"article","og_title":"Flexikeg recrute ! - Flexikeg - F\u00fbt flexible \u00e9co-responsable","og_description":"Flexikeg recrute ! Notre ambition est de contribuer \u00e0 notre \u00e9chelle \u00e0 l\u2019acc\u00e9l\u00e9ration de la transition \u00e9cologique.","og_url":"https:\/\/www.flexikeg.com\/fr\/recrutement\/","og_site_name":"Flexikeg","article_modified_time":"2023-07-03T08:07:29+00:00","og_image":[{"url":"https:\/\/www.waci5162.odns.fr\/wp-content\/uploads\/flexikeg-equipe-1.jpg","type":"","width":"","height":""}],"twitter_card":"summary_large_image","twitter_misc":{"Dur\u00e9e de lecture estim\u00e9e":"3 minutes"},"schema":{"@context":"https:\/\/schema.org","@graph":[{"@type":"WebPage","@id":"https:\/\/www.flexikeg.com\/fr\/recrutement\/","url":"https:\/\/www.flexikeg.com\/fr\/recrutement\/","name":"Flexikeg recrute ! - Flexikeg - F\u00fbt flexible \u00e9co-responsable","isPartOf":{"@id":"https:\/\/www.flexikeg.com\/fr\/#website"},"primaryImageOfPage":{"@id":"https:\/\/www.flexikeg.com\/fr\/recrutement\/#primaryimage"},"image":{"@id":"https:\/\/www.flexikeg.com\/fr\/recrutement\/#primaryimage"},"thumbnailUrl":"https:\/\/www.waci5162.odns.fr\/wp-content\/uploads\/flexikeg-equipe-1.jpg","datePublished":"2022-12-28T05:21:57+00:00","dateModified":"2023-07-03T08:07:29+00:00","description":"Flexikeg recrute ! Notre ambition est de contribuer \u00e0 notre \u00e9chelle \u00e0 l\u2019acc\u00e9l\u00e9ration de la transition \u00e9cologique.","breadcrumb":{"@id":"https:\/\/www.flexikeg.com\/fr\/recrutement\/#breadcrumb"},"inLanguage":"fr-FR","potentialAction":[{"@type":"ReadAction","target":["https:\/\/www.flexikeg.com\/fr\/recrutement\/"]}]},{"@type":"ImageObject","inLanguage":"fr-FR","@id":"https:\/\/www.flexikeg.com\/fr\/recrutement\/#primaryimage","url":"https:\/\/www.waci5162.odns.fr\/wp-content\/uploads\/flexikeg-equipe-1.jpg","contentUrl":"https:\/\/www.waci5162.odns.fr\/wp-content\/uploads\/flexikeg-equipe-1.jpg"},{"@type":"BreadcrumbList","@id":"https:\/\/www.flexikeg.com\/fr\/recrutement\/#breadcrumb","itemListElement":[{"@type":"ListItem","position":1,"name":"Home","item":"https:\/\/www.flexikeg.com\/fr\/"},{"@type":"ListItem","position":2,"name":"Recrutement"}]},{"@type":"WebSite","@id":"https:\/\/www.flexikeg.com\/fr\/#website","url":"https:\/\/www.flexikeg.com\/fr\/","name":"Flexikeg","description":"F\u00fbt flexible \u00e9co-responsable","publisher":{"@id":"https:\/\/www.flexikeg.com\/fr\/#organization"},"potentialAction":[{"@type":"SearchAction","target":{"@type":"EntryPoint","urlTemplate":"https:\/\/www.flexikeg.com\/fr\/?s={search_term_string}"},"query-input":{"@type":"PropertyValueSpecification","valueRequired":true,"valueName":"search_term_string"}}],"inLanguage":"fr-FR"},{"@type":"Organization","@id":"https:\/\/www.flexikeg.com\/fr\/#organization","name":"Flexikeg","url":"https:\/\/www.flexikeg.com\/fr\/","logo":{"@type":"ImageObject","inLanguage":"fr-FR","@id":"https:\/\/www.flexikeg.com\/fr\/#\/schema\/logo\/image\/","url":"https:\/\/www.flexikeg.com\/wp-content\/uploads\/ColibriLogoBaselineVert.png","contentUrl":"https:\/\/www.flexikeg.com\/wp-content\/uploads\/ColibriLogoBaselineVert.png","width":1054,"height":423,"caption":"Flexikeg"},"image":{"@id":"https:\/\/www.flexikeg.com\/fr\/#\/schema\/logo\/image\/"}}]}},"_links":{"self":[{"href":"https:\/\/www.flexikeg.com\/fr\/wp-json\/wp\/v2\/pages\/30","targetHints":{"allow":["GET"]}}],"collection":[{"href":"https:\/\/www.flexikeg.com\/fr\/wp-json\/wp\/v2\/pages"}],"about":[{"href":"https:\/\/www.flexikeg.com\/fr\/wp-json\/wp\/v2\/types\/page"}],"author":[{"embeddable":true,"href":"https:\/\/www.flexikeg.com\/fr\/wp-json\/wp\/v2\/users\/8"}],"replies":[{"embeddable":true,"href":"https:\/\/www.flexikeg.com\/fr\/wp-json\/wp\/v2\/comments?post=30"}],"version-history":[{"count":5,"href":"https:\/\/www.flexikeg.com\/fr\/wp-json\/wp\/v2\/pages\/30\/revisions"}],"predecessor-version":[{"id":5591,"href":"https:\/\/www.flexikeg.com\/fr\/wp-json\/wp\/v2\/pages\/30\/revisions\/5591"}],"wp:attachment":[{"href":"https:\/\/www.flexikeg.com\/fr\/wp-json\/wp\/v2\/media?parent=30"}],"curies":[{"name":"wp","href":"https:\/\/api.w.org\/{rel}","templated":true}]}}