{"id":5463,"date":"2023-01-26T22:18:34","date_gmt":"2023-01-26T21:18:34","guid":{"rendered":"https:\/\/www.flexikeg.com\/contact\/"},"modified":"2026-04-01T13:55:10","modified_gmt":"2026-04-01T11:55:10","slug":"contact","status":"publish","type":"page","link":"https:\/\/www.flexikeg.com\/en\/contact\/","title":{"rendered":"Contact"},"content":{"rendered":"\t\t<div data-elementor-type=\"wp-page\" data-elementor-id=\"5463\" class=\"elementor elementor-5463 elementor-4942\" data-elementor-post-type=\"page\">\n\t\t\t\t\t\t<section class=\"elementor-section elementor-top-section elementor-element elementor-element-ff5b5ad elementor-section-content-middle elementor-reverse-mobile elementor-section-boxed elementor-section-height-default elementor-section-height-default\" data-id=\"ff5b5ad\" data-element_type=\"section\" data-e-type=\"section\">\n\t\t\t\t\t\t<div class=\"elementor-container elementor-column-gap-default\">\n\t\t\t\t\t<div class=\"elementor-column elementor-col-100 elementor-top-column elementor-element elementor-element-841c27a\" data-id=\"841c27a\" data-element_type=\"column\" data-e-type=\"column\">\n\t\t\t<div class=\"elementor-widget-wrap elementor-element-populated\">\n\t\t\t\t\t\t<div class=\"elementor-element elementor-element-666a454 elementor-widget elementor-widget-heading\" data-id=\"666a454\" data-element_type=\"widget\" data-e-type=\"widget\" data-widget_type=\"heading.default\">\n\t\t\t\t<div class=\"elementor-widget-container\">\n\t\t\t\t\t<h1 class=\"elementor-heading-title elementor-size-default\">Contact<\/h1>\t\t\t\t<\/div>\n\t\t\t\t<\/div>\n\t\t\t\t<div class=\"elementor-element elementor-element-8064b4c elementor-widget elementor-widget-text-editor\" data-id=\"8064b4c\" data-element_type=\"widget\" data-e-type=\"widget\" data-widget_type=\"text-editor.default\">\n\t\t\t\t<div class=\"elementor-widget-container\">\n\t\t\t\t\t\t\t\t\tA question, a comment, an idea?\t\t\t\t\t\t\t\t<\/div>\n\t\t\t\t<\/div>\n\t\t\t\t\t<\/div>\n\t\t<\/div>\n\t\t\t\t\t<\/div>\n\t\t<\/section>\n\t\t\t\t<section class=\"elementor-section elementor-top-section elementor-element elementor-element-9d9a358 elementor-section-content-middle elementor-section-boxed elementor-section-height-default elementor-section-height-default\" data-id=\"9d9a358\" data-element_type=\"section\" data-e-type=\"section\">\n\t\t\t\t\t\t<div class=\"elementor-container elementor-column-gap-default\">\n\t\t\t\t\t<div class=\"elementor-column elementor-col-100 elementor-top-column elementor-element elementor-element-b76a020\" data-id=\"b76a020\" data-element_type=\"column\" data-e-type=\"column\">\n\t\t\t<div class=\"elementor-widget-wrap elementor-element-populated\">\n\t\t\t\t\t\t<section class=\"elementor-section elementor-inner-section elementor-element elementor-element-839a615 elementor-section-boxed elementor-section-height-default elementor-section-height-default\" data-id=\"839a615\" data-element_type=\"section\" data-e-type=\"section\">\n\t\t\t\t\t\t<div class=\"elementor-container elementor-column-gap-default\">\n\t\t\t\t\t<div class=\"elementor-column elementor-col-50 elementor-inner-column elementor-element elementor-element-8ea2e37\" data-id=\"8ea2e37\" data-element_type=\"column\" data-e-type=\"column\">\n\t\t\t<div class=\"elementor-widget-wrap elementor-element-populated\">\n\t\t\t\t\t\t<div class=\"elementor-element elementor-element-bb83e76 elementor-widget elementor-widget-heading\" data-id=\"bb83e76\" data-element_type=\"widget\" data-e-type=\"widget\" data-widget_type=\"heading.default\">\n\t\t\t\t<div class=\"elementor-widget-container\">\n\t\t\t\t\t<h3 class=\"elementor-heading-title elementor-size-default\">ADMINISTRATIVE DEPARTMENT<\/h3>\t\t\t\t<\/div>\n\t\t\t\t<\/div>\n\t\t\t\t<div class=\"elementor-element elementor-element-20d8b22 elementor-widget elementor-widget-text-editor\" data-id=\"20d8b22\" data-element_type=\"widget\" data-e-type=\"widget\" data-widget_type=\"text-editor.default\">\n\t\t\t\t<div class=\"elementor-widget-container\">\n\t\t\t\t\t\t\t\t\t<p><a href=\"tel:+33232717453\">+ 33 (0)2 32 71 74 53<\/a><\/p><p><a href=\"mailto:contact@flexikeg.com\">contact@flexikeg.com<\/a><\/p>\t\t\t\t\t\t\t\t<\/div>\n\t\t\t\t<\/div>\n\t\t\t\t\t<\/div>\n\t\t<\/div>\n\t\t\t\t<div class=\"elementor-column elementor-col-50 elementor-inner-column elementor-element elementor-element-13d2f91\" data-id=\"13d2f91\" data-element_type=\"column\" data-e-type=\"column\">\n\t\t\t<div class=\"elementor-widget-wrap elementor-element-populated\">\n\t\t\t\t\t\t<div class=\"elementor-element elementor-element-271b6e2 elementor-widget elementor-widget-heading\" data-id=\"271b6e2\" data-element_type=\"widget\" data-e-type=\"widget\" data-widget_type=\"heading.default\">\n\t\t\t\t<div class=\"elementor-widget-container\">\n\t\t\t\t\t<h3 class=\"elementor-heading-title elementor-size-default\">SALES DEPARTMENT<\/h3>\t\t\t\t<\/div>\n\t\t\t\t<\/div>\n\t\t\t\t<div class=\"elementor-element elementor-element-4af3a8f elementor-widget elementor-widget-text-editor\" data-id=\"4af3a8f\" data-element_type=\"widget\" data-e-type=\"widget\" data-widget_type=\"text-editor.default\">\n\t\t\t\t<div class=\"elementor-widget-container\">\n\t\t\t\t\t\t\t\t\t<p><a style=\"font-size: 18px; font-weight: 400; text-align: var(--bs-body-text-align);\" href=\"tel:+33766266537\">+33 (0)7 66 26 65 37<\/a><\/p><p><a href=\"mailto:Commercial@flexikeg.com\">commercial@f<\/a>lexikeg.com<\/p>\t\t\t\t\t\t\t\t<\/div>\n\t\t\t\t<\/div>\n\t\t\t\t\t<\/div>\n\t\t<\/div>\n\t\t\t\t\t<\/div>\n\t\t<\/section>\n\t\t\t\t\t<\/div>\n\t\t<\/div>\n\t\t\t\t\t<\/div>\n\t\t<\/section>\n\t\t\t\t<section class=\"elementor-section elementor-top-section elementor-element elementor-element-6a55b43 elementor-section-content-middle elementor-section-boxed elementor-section-height-default elementor-section-height-default\" data-id=\"6a55b43\" data-element_type=\"section\" data-e-type=\"section\" data-settings=\"{&quot;background_background&quot;:&quot;classic&quot;}\">\n\t\t\t\t\t\t<div class=\"elementor-container elementor-column-gap-default\">\n\t\t\t\t\t<div class=\"elementor-column elementor-col-100 elementor-top-column elementor-element elementor-element-1f9a474\" data-id=\"1f9a474\" data-element_type=\"column\" data-e-type=\"column\">\n\t\t\t<div class=\"elementor-widget-wrap elementor-element-populated\">\n\t\t\t\t\t\t<div class=\"elementor-element elementor-element-238c2d9 elementor-widget__width-initial elementor-widget-mobile__width-inherit elementor-absolute elementor-hidden-tablet elementor-hidden-mobile elementor-widget elementor-widget-image\" data-id=\"238c2d9\" data-element_type=\"widget\" data-e-type=\"widget\" data-settings=\"{&quot;_position&quot;:&quot;absolute&quot;}\" data-widget_type=\"image.default\">\n\t\t\t\t<div class=\"elementor-widget-container\">\n\t\t\t\t\t\t\t\t\t\t\t\t\t\t\t<img decoding=\"async\" width=\"140\" height=\"177\" src=\"https:\/\/www.flexikeg.com\/wp-content\/uploads\/Group-206.svg\" class=\"attachment-full size-full wp-image-5318\" alt=\"\" \/>\t\t\t\t\t\t\t\t\t\t\t\t\t\t\t<\/div>\n\t\t\t\t<\/div>\n\t\t\t\t<section class=\"elementor-section elementor-inner-section elementor-element elementor-element-0c15ee3 elementor-section-boxed elementor-section-height-default elementor-section-height-default\" data-id=\"0c15ee3\" data-element_type=\"section\" data-e-type=\"section\">\n\t\t\t\t\t\t<div class=\"elementor-container elementor-column-gap-default\">\n\t\t\t\t\t<div class=\"elementor-column elementor-col-100 elementor-inner-column elementor-element elementor-element-6787df5\" data-id=\"6787df5\" data-element_type=\"column\" data-e-type=\"column\">\n\t\t\t<div class=\"elementor-widget-wrap elementor-element-populated\">\n\t\t\t\t\t\t<div class=\"elementor-element elementor-element-2a5daaa elementor-widget__width-initial form-contact elementor-widget elementor-widget-shortcode\" data-id=\"2a5daaa\" data-element_type=\"widget\" data-e-type=\"widget\" id=\"for_apply\" data-widget_type=\"shortcode.default\">\n\t\t\t\t<div class=\"elementor-widget-container\">\n\t\t\t\t\t\t\t<div class=\"elementor-shortcode\">\n<div class=\"wpcf7 no-js\" id=\"wpcf7-f5534-o1\" lang=\"en-US\" dir=\"ltr\" data-wpcf7-id=\"5534\">\n<div class=\"screen-reader-response\"><p role=\"status\" aria-live=\"polite\" aria-atomic=\"true\"><\/p> <ul><\/ul><\/div>\n<form action=\"\/en\/wp-json\/wp\/v2\/pages\/5463#wpcf7-f5534-o1\" method=\"post\" class=\"wpcf7-form init\" aria-label=\"Contact form\" novalidate=\"novalidate\" data-status=\"init\">\n<fieldset class=\"hidden-fields-container\"><input type=\"hidden\" name=\"_wpcf7\" value=\"5534\" \/><input type=\"hidden\" name=\"_wpcf7_version\" value=\"6.1.5\" \/><input type=\"hidden\" name=\"_wpcf7_locale\" value=\"en_US\" \/><input type=\"hidden\" name=\"_wpcf7_unit_tag\" value=\"wpcf7-f5534-o1\" \/><input type=\"hidden\" name=\"_wpcf7_container_post\" value=\"0\" \/><input type=\"hidden\" name=\"_wpcf7_posted_data_hash\" value=\"\" \/>\n<\/fieldset>\n<div class=\"elementor-container elementor-column-gap-default\">\n\t<div class=\"elementor-column elementor-col-50 elementor-top-column elementor-element\">\n\t\t<div class=\"elementor-widget-wrap elementor-element-populated\">\n\t\t\t<p><span class=\"wpcf7-form-control-wrap\" data-name=\"lastname\"><input size=\"40\" maxlength=\"400\" class=\"wpcf7-form-control wpcf7-text wpcf7-validates-as-required\" id=\"lastname\" aria-required=\"true\" aria-invalid=\"false\" placeholder=\"LASTNAME *\" value=\"\" type=\"text\" name=\"lastname\" \/><\/span><br \/>\n<span class=\"wpcf7-form-control-wrap\" data-name=\"firstname\"><input size=\"40\" maxlength=\"400\" class=\"wpcf7-form-control wpcf7-text wpcf7-validates-as-required\" id=\"firstname\" aria-required=\"true\" aria-invalid=\"false\" placeholder=\"FIRSTNAME *\" value=\"\" type=\"text\" name=\"firstname\" \/><\/span><br \/>\n<span class=\"wpcf7-form-control-wrap\" data-name=\"email\"><input size=\"40\" maxlength=\"400\" class=\"wpcf7-form-control wpcf7-email wpcf7-validates-as-required wpcf7-text wpcf7-validates-as-email\" id=\"email\" aria-required=\"true\" aria-invalid=\"false\" placeholder=\"E-MAIL *\" value=\"\" type=\"email\" name=\"email\" \/><\/span><br \/>\n<span class=\"wpcf7-form-control-wrap\" data-name=\"phone\"><input size=\"40\" maxlength=\"400\" class=\"wpcf7-form-control wpcf7-text wpcf7-validates-as-required\" id=\"phone\" aria-required=\"true\" aria-invalid=\"false\" placeholder=\"PHONE *\" value=\"\" type=\"text\" name=\"phone\" \/><\/span>\n\t\t\t<\/p>\n\t\t<\/div>\n\t<\/div>\n\t<div class=\"elementor-column elementor-col-50 elementor-top-column elementor-element\">\n\t\t<div class=\"elementor-widget-wrap elementor-element-populated\">\n\t\t\t<p><span class=\"wpcf7-form-control-wrap\" data-name=\"youare\"><select class=\"wpcf7-form-control wpcf7-select\" aria-invalid=\"false\" name=\"youare\"><option value=\"\">- Please choose -<\/option><option value=\"Brewers\">Brewers<\/option><option value=\"Winegrowers\">Winegrowers<\/option><option value=\"Drinking establishments\">Drinking establishments<\/option><option value=\"Become an ambassador\">Become an ambassador<\/option><option value=\"Join us\">Join us<\/option><\/select><\/span><br \/>\n<span class=\"wpcf7-form-control-wrap\" data-name=\"message\"><textarea cols=\"40\" rows=\"10\" maxlength=\"2000\" class=\"wpcf7-form-control wpcf7-textarea wpcf7-validates-as-required\" id=\"msg\" aria-required=\"true\" aria-invalid=\"false\" placeholder=\"MESSAGE * :\" name=\"message\"><\/textarea><\/span>\n\t\t\t<\/p>\n\t\t<\/div>\n\t<\/div>\n<\/div>\n<div class=\"elementor-container elementor-column-gap-default\">\n\t<div class=\"elementor-column elementor-col-50 elementor-top-column elementor-element\">\n\t\t<div class=\"elementor-widget-wrap elementor-element-populated\">\n\t\t\t<p>\n\t\t\t<\/p>\n\t\t<\/div>\n\t<\/div>\n\t<div class=\"elementor-column elementor-col-50 elementor-top-column elementor-element\">\n\t\t<div class=\"elementor-widget-wrap elementor-element-populated\" style=\"flex-direction: row-reverse;\">\n\t\t\t<p><span class=\"wpcf7-form-control-wrap\" data-name=\"hcap-cf7\">\t\t<input\n\t\t\t\ttype=\"hidden\"\n\t\t\t\tclass=\"hcaptcha-widget-id\"\n\t\t\t\tname=\"hcaptcha-widget-id\"\n\t\t\t\tvalue=\"eyJzb3VyY2UiOlsiY29udGFjdC1mb3JtLTdcL3dwLWNvbnRhY3QtZm9ybS03LnBocCJdLCJmb3JtX2lkIjo0OTQ2fQ==-47f101912c6cbd3f8dbb5d334fecd682\">\n\t\t\t\t<span id=\"hcap_cf7-6a048ebb19cf16.85443842\" class=\"wpcf7-form-control h-captcha \"\n\t\t\tdata-sitekey=\"3ce46ac7-111e-426c-8bce-8133cb4799d4\"\n\t\t\tdata-theme=\"light\"\n\t\t\tdata-size=\"normal\"\n\t\t\tdata-auto=\"false\"\n\t\t\tdata-ajax=\"false\"\n\t\t\tdata-force=\"false\">\n\t\t<\/span>\n\t\t<input type=\"hidden\" id=\"_wpnonce\" name=\"_wpnonce\" value=\"44238079a0\" \/><input type=\"hidden\" name=\"_wp_http_referer\" value=\"\/en\/wp-json\/wp\/v2\/pages\/5463\" \/><\/span><input class=\"wpcf7-form-control wpcf7-submit has-spinner\" type=\"submit\" value=\"Send\" \/>\n\t\t\t<\/p>\n\t\t<\/div>\n\t<\/div>\n<\/div><div class=\"wpcf7-response-output\" aria-hidden=\"true\"><\/div>\n<\/form>\n<\/div>\n<\/div>\n\t\t\t\t\t\t<\/div>\n\t\t\t\t<\/div>\n\t\t\t\t\t<\/div>\n\t\t<\/div>\n\t\t\t\t\t<\/div>\n\t\t<\/section>\n\t\t\t\t\t<\/div>\n\t\t<\/div>\n\t\t\t\t\t<\/div>\n\t\t<\/section>\n\t\t\t\t<\/div>\n\t\t","protected":false},"excerpt":{"rendered":"<p>Contact A question, a comment, an idea? ADMINISTRATIVE DEPARTMENT + 33 (0)2 32 71 74 53 contact@flexikeg.com SALES DEPARTMENT +33 (0)7 66 26 65 37 commercial@flexikeg.com<\/p>\n","protected":false},"author":8,"featured_media":0,"parent":0,"menu_order":90000,"comment_status":"closed","ping_status":"closed","template":"elementor_header_footer","meta":{"_acf_changed":false,"inline_featured_image":false,"footnotes":""},"class_list":["post-5463","page","type-page","status-publish","hentry"],"acf":[],"yoast_head":"<!-- This site is optimized with the Yoast SEO plugin v26.9 - https:\/\/yoast.com\/product\/yoast-seo-wordpress\/ -->\n<title>Contact - Flexikeg - F\u00fbt flexible \u00e9co-responsable<\/title>\n<meta name=\"description\" content=\"Une question, une remarque, une id\u00e9e ? N&#039;h\u00e9sitez pas \u00e0 nous contacter via le formulaire\" \/>\n<meta name=\"robots\" content=\"index, follow, max-snippet:-1, max-image-preview:large, max-video-preview:-1\" \/>\n<link rel=\"canonical\" href=\"https:\/\/www.flexikeg.com\/en\/contact\/\" \/>\n<meta property=\"og:locale\" content=\"en_US\" \/>\n<meta property=\"og:type\" content=\"article\" \/>\n<meta property=\"og:title\" content=\"Contact - Flexikeg - F\u00fbt flexible \u00e9co-responsable\" \/>\n<meta property=\"og:description\" content=\"Une question, une remarque, une id\u00e9e ? N&#039;h\u00e9sitez pas \u00e0 nous contacter via le formulaire\" \/>\n<meta property=\"og:url\" content=\"https:\/\/www.flexikeg.com\/en\/contact\/\" \/>\n<meta property=\"og:site_name\" content=\"Flexikeg\" \/>\n<meta property=\"article:modified_time\" content=\"2026-04-01T11:55:10+00:00\" \/>\n<meta name=\"twitter:card\" content=\"summary_large_image\" \/>\n<meta name=\"twitter:label1\" content=\"Est. reading time\" \/>\n\t<meta name=\"twitter:data1\" content=\"1 minute\" \/>\n<script type=\"application\/ld+json\" class=\"yoast-schema-graph\">{\"@context\":\"https:\/\/schema.org\",\"@graph\":[{\"@type\":\"WebPage\",\"@id\":\"https:\/\/www.flexikeg.com\/en\/contact\/\",\"url\":\"https:\/\/www.flexikeg.com\/en\/contact\/\",\"name\":\"Contact - Flexikeg - F\u00fbt flexible \u00e9co-responsable\",\"isPartOf\":{\"@id\":\"https:\/\/www.flexikeg.com\/en\/#website\"},\"primaryImageOfPage\":{\"@id\":\"https:\/\/www.flexikeg.com\/en\/contact\/#primaryimage\"},\"image\":{\"@id\":\"https:\/\/www.flexikeg.com\/en\/contact\/#primaryimage\"},\"thumbnailUrl\":\"https:\/\/www.flexikeg.com\/wp-content\/uploads\/Group-206.svg\",\"datePublished\":\"2023-01-26T21:18:34+00:00\",\"dateModified\":\"2026-04-01T11:55:10+00:00\",\"description\":\"Une question, une remarque, une id\u00e9e ? N'h\u00e9sitez pas \u00e0 nous contacter via le formulaire\",\"breadcrumb\":{\"@id\":\"https:\/\/www.flexikeg.com\/en\/contact\/#breadcrumb\"},\"inLanguage\":\"en-US\",\"potentialAction\":[{\"@type\":\"ReadAction\",\"target\":[\"https:\/\/www.flexikeg.com\/en\/contact\/\"]}]},{\"@type\":\"ImageObject\",\"inLanguage\":\"en-US\",\"@id\":\"https:\/\/www.flexikeg.com\/en\/contact\/#primaryimage\",\"url\":\"https:\/\/www.flexikeg.com\/wp-content\/uploads\/Group-206.svg\",\"contentUrl\":\"https:\/\/www.flexikeg.com\/wp-content\/uploads\/Group-206.svg\"},{\"@type\":\"BreadcrumbList\",\"@id\":\"https:\/\/www.flexikeg.com\/en\/contact\/#breadcrumb\",\"itemListElement\":[{\"@type\":\"ListItem\",\"position\":1,\"name\":\"Home\",\"item\":\"https:\/\/www.flexikeg.com\/en\/\"},{\"@type\":\"ListItem\",\"position\":2,\"name\":\"Contact\"}]},{\"@type\":\"WebSite\",\"@id\":\"https:\/\/www.flexikeg.com\/en\/#website\",\"url\":\"https:\/\/www.flexikeg.com\/en\/\",\"name\":\"Flexikeg\",\"description\":\"F\u00fbt flexible \u00e9co-responsable\",\"publisher\":{\"@id\":\"https:\/\/www.flexikeg.com\/en\/#organization\"},\"potentialAction\":[{\"@type\":\"SearchAction\",\"target\":{\"@type\":\"EntryPoint\",\"urlTemplate\":\"https:\/\/www.flexikeg.com\/en\/?s={search_term_string}\"},\"query-input\":{\"@type\":\"PropertyValueSpecification\",\"valueRequired\":true,\"valueName\":\"search_term_string\"}}],\"inLanguage\":\"en-US\"},{\"@type\":\"Organization\",\"@id\":\"https:\/\/www.flexikeg.com\/en\/#organization\",\"name\":\"Flexikeg\",\"url\":\"https:\/\/www.flexikeg.com\/en\/\",\"logo\":{\"@type\":\"ImageObject\",\"inLanguage\":\"en-US\",\"@id\":\"https:\/\/www.flexikeg.com\/en\/#\/schema\/logo\/image\/\",\"url\":\"https:\/\/www.flexikeg.com\/wp-content\/uploads\/ColibriLogoBaselineVert.png\",\"contentUrl\":\"https:\/\/www.flexikeg.com\/wp-content\/uploads\/ColibriLogoBaselineVert.png\",\"width\":1054,\"height\":423,\"caption\":\"Flexikeg\"},\"image\":{\"@id\":\"https:\/\/www.flexikeg.com\/en\/#\/schema\/logo\/image\/\"}}]}<\/script>\n<!-- \/ Yoast SEO plugin. -->","yoast_head_json":{"title":"Contact - Flexikeg - F\u00fbt flexible \u00e9co-responsable","description":"Une question, une remarque, une id\u00e9e ? N'h\u00e9sitez pas \u00e0 nous contacter via le formulaire","robots":{"index":"index","follow":"follow","max-snippet":"max-snippet:-1","max-image-preview":"max-image-preview:large","max-video-preview":"max-video-preview:-1"},"canonical":"https:\/\/www.flexikeg.com\/en\/contact\/","og_locale":"en_US","og_type":"article","og_title":"Contact - Flexikeg - F\u00fbt flexible \u00e9co-responsable","og_description":"Une question, une remarque, une id\u00e9e ? N'h\u00e9sitez pas \u00e0 nous contacter via le formulaire","og_url":"https:\/\/www.flexikeg.com\/en\/contact\/","og_site_name":"Flexikeg","article_modified_time":"2026-04-01T11:55:10+00:00","twitter_card":"summary_large_image","twitter_misc":{"Est. reading time":"1 minute"},"schema":{"@context":"https:\/\/schema.org","@graph":[{"@type":"WebPage","@id":"https:\/\/www.flexikeg.com\/en\/contact\/","url":"https:\/\/www.flexikeg.com\/en\/contact\/","name":"Contact - Flexikeg - F\u00fbt flexible \u00e9co-responsable","isPartOf":{"@id":"https:\/\/www.flexikeg.com\/en\/#website"},"primaryImageOfPage":{"@id":"https:\/\/www.flexikeg.com\/en\/contact\/#primaryimage"},"image":{"@id":"https:\/\/www.flexikeg.com\/en\/contact\/#primaryimage"},"thumbnailUrl":"https:\/\/www.flexikeg.com\/wp-content\/uploads\/Group-206.svg","datePublished":"2023-01-26T21:18:34+00:00","dateModified":"2026-04-01T11:55:10+00:00","description":"Une question, une remarque, une id\u00e9e ? N'h\u00e9sitez pas \u00e0 nous contacter via le formulaire","breadcrumb":{"@id":"https:\/\/www.flexikeg.com\/en\/contact\/#breadcrumb"},"inLanguage":"en-US","potentialAction":[{"@type":"ReadAction","target":["https:\/\/www.flexikeg.com\/en\/contact\/"]}]},{"@type":"ImageObject","inLanguage":"en-US","@id":"https:\/\/www.flexikeg.com\/en\/contact\/#primaryimage","url":"https:\/\/www.flexikeg.com\/wp-content\/uploads\/Group-206.svg","contentUrl":"https:\/\/www.flexikeg.com\/wp-content\/uploads\/Group-206.svg"},{"@type":"BreadcrumbList","@id":"https:\/\/www.flexikeg.com\/en\/contact\/#breadcrumb","itemListElement":[{"@type":"ListItem","position":1,"name":"Home","item":"https:\/\/www.flexikeg.com\/en\/"},{"@type":"ListItem","position":2,"name":"Contact"}]},{"@type":"WebSite","@id":"https:\/\/www.flexikeg.com\/en\/#website","url":"https:\/\/www.flexikeg.com\/en\/","name":"Flexikeg","description":"F\u00fbt flexible \u00e9co-responsable","publisher":{"@id":"https:\/\/www.flexikeg.com\/en\/#organization"},"potentialAction":[{"@type":"SearchAction","target":{"@type":"EntryPoint","urlTemplate":"https:\/\/www.flexikeg.com\/en\/?s={search_term_string}"},"query-input":{"@type":"PropertyValueSpecification","valueRequired":true,"valueName":"search_term_string"}}],"inLanguage":"en-US"},{"@type":"Organization","@id":"https:\/\/www.flexikeg.com\/en\/#organization","name":"Flexikeg","url":"https:\/\/www.flexikeg.com\/en\/","logo":{"@type":"ImageObject","inLanguage":"en-US","@id":"https:\/\/www.flexikeg.com\/en\/#\/schema\/logo\/image\/","url":"https:\/\/www.flexikeg.com\/wp-content\/uploads\/ColibriLogoBaselineVert.png","contentUrl":"https:\/\/www.flexikeg.com\/wp-content\/uploads\/ColibriLogoBaselineVert.png","width":1054,"height":423,"caption":"Flexikeg"},"image":{"@id":"https:\/\/www.flexikeg.com\/en\/#\/schema\/logo\/image\/"}}]}},"_links":{"self":[{"href":"https:\/\/www.flexikeg.com\/en\/wp-json\/wp\/v2\/pages\/5463","targetHints":{"allow":["GET"]}}],"collection":[{"href":"https:\/\/www.flexikeg.com\/en\/wp-json\/wp\/v2\/pages"}],"about":[{"href":"https:\/\/www.flexikeg.com\/en\/wp-json\/wp\/v2\/types\/page"}],"author":[{"embeddable":true,"href":"https:\/\/www.flexikeg.com\/en\/wp-json\/wp\/v2\/users\/8"}],"replies":[{"embeddable":true,"href":"https:\/\/www.flexikeg.com\/en\/wp-json\/wp\/v2\/comments?post=5463"}],"version-history":[{"count":8,"href":"https:\/\/www.flexikeg.com\/en\/wp-json\/wp\/v2\/pages\/5463\/revisions"}],"predecessor-version":[{"id":6107,"href":"https:\/\/www.flexikeg.com\/en\/wp-json\/wp\/v2\/pages\/5463\/revisions\/6107"}],"wp:attachment":[{"href":"https:\/\/www.flexikeg.com\/en\/wp-json\/wp\/v2\/media?parent=5463"}],"curies":[{"name":"wp","href":"https:\/\/api.w.org\/{rel}","templated":true}]}}