{"id":5462,"date":"2022-12-28T06:21:57","date_gmt":"2022-12-28T05:21:57","guid":{"rendered":"https:\/\/www.flexikeg.com\/recrutement\/"},"modified":"2023-07-02T22:56:29","modified_gmt":"2023-07-02T20:56:29","slug":"recruitment","status":"publish","type":"page","link":"https:\/\/www.flexikeg.com\/en\/recruitment\/","title":{"rendered":"Recruitment"},"content":{"rendered":"\t\t<div data-elementor-type=\"wp-page\" data-elementor-id=\"5462\" class=\"elementor elementor-5462 elementor-30\" data-elementor-post-type=\"page\">\n\t\t\t\t\t\t<section class=\"elementor-section elementor-top-section elementor-element elementor-element-ff5b5ad elementor-section-content-middle elementor-reverse-mobile elementor-section-boxed elementor-section-height-default elementor-section-height-default\" data-id=\"ff5b5ad\" data-element_type=\"section\" data-e-type=\"section\">\n\t\t\t\t\t\t<div class=\"elementor-container elementor-column-gap-default\">\n\t\t\t\t\t<div class=\"elementor-column elementor-col-50 elementor-top-column elementor-element elementor-element-4fd65c5\" data-id=\"4fd65c5\" data-element_type=\"column\" data-e-type=\"column\">\n\t\t\t<div class=\"elementor-widget-wrap elementor-element-populated\">\n\t\t\t\t\t\t<div class=\"elementor-element elementor-element-12aad34 elementor-widget elementor-widget-image\" data-id=\"12aad34\" data-element_type=\"widget\" data-e-type=\"widget\" data-widget_type=\"image.default\">\n\t\t\t\t<div class=\"elementor-widget-container\">\n\t\t\t\t\t\t\t\t\t\t\t\t\t\t\t<img fetchpriority=\"high\" decoding=\"async\" width=\"2000\" height=\"1056\" src=\"https:\/\/www.flexikeg.com\/wp-content\/uploads\/flexikeg-equipe-1.jpg\" class=\"attachment-full size-full wp-image-5348\" alt=\"\" srcset=\"https:\/\/www.flexikeg.com\/wp-content\/uploads\/flexikeg-equipe-1.jpg 2000w, https:\/\/www.flexikeg.com\/wp-content\/uploads\/flexikeg-equipe-1-300x158.jpg 300w, https:\/\/www.flexikeg.com\/wp-content\/uploads\/flexikeg-equipe-1-1024x541.jpg 1024w, https:\/\/www.flexikeg.com\/wp-content\/uploads\/flexikeg-equipe-1-768x406.jpg 768w, https:\/\/www.flexikeg.com\/wp-content\/uploads\/flexikeg-equipe-1-1536x811.jpg 1536w\" sizes=\"(max-width: 2000px) 100vw, 2000px\" \/>\t\t\t\t\t\t\t\t\t\t\t\t\t\t\t<\/div>\n\t\t\t\t<\/div>\n\t\t\t\t\t<\/div>\n\t\t<\/div>\n\t\t\t\t<div class=\"elementor-column elementor-col-50 elementor-top-column elementor-element elementor-element-841c27a\" data-id=\"841c27a\" data-element_type=\"column\" data-e-type=\"column\">\n\t\t\t<div class=\"elementor-widget-wrap elementor-element-populated\">\n\t\t\t\t\t\t<div class=\"elementor-element elementor-element-666a454 elementor-widget elementor-widget-heading\" data-id=\"666a454\" data-element_type=\"widget\" data-e-type=\"widget\" data-widget_type=\"heading.default\">\n\t\t\t\t<div class=\"elementor-widget-container\">\n\t\t\t\t\t<h1 class=\"elementor-heading-title elementor-size-default\">Flexikeg is hiring!<\/h1>\t\t\t\t<\/div>\n\t\t\t\t<\/div>\n\t\t\t\t<div class=\"elementor-element elementor-element-8064b4c elementor-widget elementor-widget-text-editor\" data-id=\"8064b4c\" data-element_type=\"widget\" data-e-type=\"widget\" data-widget_type=\"text-editor.default\">\n\t\t\t\t<div class=\"elementor-widget-container\">\n\t\t\t\t\t\t\t\t\t<p>Our aim is to play our part in accelerating the green transition.<\/p><p>With this in mind, we\u2019ve designed innovative, 100% environmentally responsible, economical and flexible kegs. We are providing stakeholders across the drinks ecosystem (producers, distributors) with ways of integrating a real green dimension into their activity.<\/p><p>We\u2019re helping craft brewers, winegrowers, cooperatives, juice and cider producers and restaurants change the way they stock, transport and distribute their beverages.<\/p>\t\t\t\t\t\t\t\t<\/div>\n\t\t\t\t<\/div>\n\t\t\t\t\t<\/div>\n\t\t<\/div>\n\t\t\t\t\t<\/div>\n\t\t<\/section>\n\t\t\t\t<section class=\"elementor-section elementor-top-section elementor-element elementor-element-6a55b43 elementor-section-content-middle elementor-section-boxed elementor-section-height-default elementor-section-height-default\" data-id=\"6a55b43\" data-element_type=\"section\" data-e-type=\"section\" data-settings=\"{&quot;background_background&quot;:&quot;classic&quot;}\">\n\t\t\t\t\t\t<div class=\"elementor-container elementor-column-gap-default\">\n\t\t\t\t\t<div class=\"elementor-column elementor-col-100 elementor-top-column elementor-element elementor-element-1f9a474\" data-id=\"1f9a474\" data-element_type=\"column\" data-e-type=\"column\">\n\t\t\t<div class=\"elementor-widget-wrap elementor-element-populated\">\n\t\t\t\t\t\t<div class=\"elementor-element elementor-element-d640254 elementor-widget__width-initial elementor-widget-mobile__width-inherit elementor-widget elementor-widget-image\" data-id=\"d640254\" data-element_type=\"widget\" data-e-type=\"widget\" data-widget_type=\"image.default\">\n\t\t\t\t<div class=\"elementor-widget-container\">\n\t\t\t\t\t\t\t\t\t\t\t\t\t\t\t<img decoding=\"async\" width=\"84\" height=\"73\" src=\"https:\/\/www.flexikeg.com\/wp-content\/uploads\/Group-204.svg\" class=\"attachment-full size-full wp-image-5316\" alt=\"\" \/>\t\t\t\t\t\t\t\t\t\t\t\t\t\t\t<\/div>\n\t\t\t\t<\/div>\n\t\t\t\t<div class=\"elementor-element elementor-element-c1b9481 elementor-widget__width-initial elementor-widget-mobile__width-inherit elementor-widget elementor-widget-text-editor\" data-id=\"c1b9481\" data-element_type=\"widget\" data-e-type=\"widget\" data-widget_type=\"text-editor.default\">\n\t\t\t\t<div class=\"elementor-widget-container\">\n\t\t\t\t\t\t\t\t\t<p>Our innovative company is growing fast: we\u2019re looking for new talents wanting to come and play an active role in our development!<\/p><p>Do you want to be part of a human adventure with an innovative product that is good for the planet?<\/p><p><a href=\"https:\/\/www.flexikeg.com\/en\/contact\/\">Contact us!<\/a><\/p>\t\t\t\t\t\t\t\t<\/div>\n\t\t\t\t<\/div>\n\t\t\t\t<div class=\"elementor-element elementor-element-238c2d9 elementor-widget__width-initial elementor-widget-mobile__width-inherit elementor-widget elementor-widget-image\" data-id=\"238c2d9\" data-element_type=\"widget\" data-e-type=\"widget\" data-widget_type=\"image.default\">\n\t\t\t\t<div class=\"elementor-widget-container\">\n\t\t\t\t\t\t\t\t\t\t\t\t\t\t\t<img decoding=\"async\" width=\"140\" height=\"177\" src=\"https:\/\/www.flexikeg.com\/wp-content\/uploads\/Group-206.svg\" class=\"attachment-full size-full wp-image-5318\" alt=\"\" \/>\t\t\t\t\t\t\t\t\t\t\t\t\t\t\t<\/div>\n\t\t\t\t<\/div>\n\t\t\t\t\t<\/div>\n\t\t<\/div>\n\t\t\t\t\t<\/div>\n\t\t<\/section>\n\t\t\t\t<section class=\"elementor-section elementor-top-section elementor-element elementor-element-afb2830 elementor-section-boxed elementor-section-height-default elementor-section-height-default\" data-id=\"afb2830\" data-element_type=\"section\" data-e-type=\"section\">\n\t\t\t\t\t\t<div class=\"elementor-container elementor-column-gap-default\">\n\t\t\t\t\t<div class=\"elementor-column elementor-col-33 elementor-top-column elementor-element elementor-element-88f9bb0\" data-id=\"88f9bb0\" data-element_type=\"column\" data-e-type=\"column\">\n\t\t\t<div class=\"elementor-widget-wrap elementor-element-populated\">\n\t\t\t\t\t\t<div class=\"elementor-element elementor-element-bd00f88 elementor-widget elementor-widget-heading\" data-id=\"bd00f88\" data-element_type=\"widget\" data-e-type=\"widget\" data-widget_type=\"heading.default\">\n\t\t\t\t<div class=\"elementor-widget-container\">\n\t\t\t\t\t<h2 class=\"elementor-heading-title elementor-size-default\">OUR PROMISE<\/h2>\t\t\t\t<\/div>\n\t\t\t\t<\/div>\n\t\t\t\t<div class=\"elementor-element elementor-element-8697824 elementor-widget elementor-widget-text-editor\" data-id=\"8697824\" data-element_type=\"widget\" data-e-type=\"widget\" data-widget_type=\"text-editor.default\">\n\t\t\t\t<div class=\"elementor-widget-container\">\n\t\t\t\t\t\t\t\t\t<p>At Flexikeg, our values are sincere. Respect, innovation and a collective approach are not just words. These three values, at the heart of our DNA, are what we experience and share every day with our colleagues. We advocate diversity and equal opportunities.<\/p><p>In our company, each individual excels in their own field and helps to cultivate a constructive mindset, in which solidarity with the rest of the team is a natural instinct!<\/p><p>If you also believe Excellence and Human Values are inseparable, join us!<\/p>\t\t\t\t\t\t\t\t<\/div>\n\t\t\t\t<\/div>\n\t\t\t\t\t<\/div>\n\t\t<\/div>\n\t\t\t\t<div class=\"elementor-column elementor-col-33 elementor-top-column elementor-element elementor-element-dc5100c\" data-id=\"dc5100c\" data-element_type=\"column\" data-e-type=\"column\">\n\t\t\t<div class=\"elementor-widget-wrap elementor-element-populated\">\n\t\t\t\t\t\t<div class=\"elementor-element elementor-element-bbdb7e6 elementor-widget elementor-widget-heading\" data-id=\"bbdb7e6\" data-element_type=\"widget\" data-e-type=\"widget\" data-widget_type=\"heading.default\">\n\t\t\t\t<div class=\"elementor-widget-container\">\n\t\t\t\t\t<h2 class=\"elementor-heading-title elementor-size-default\">WHY JOIN US?<\/h2>\t\t\t\t<\/div>\n\t\t\t\t<\/div>\n\t\t\t\t<div class=\"elementor-element elementor-element-1838e7a ul_list elementor-widget elementor-widget-text-editor\" data-id=\"1838e7a\" data-element_type=\"widget\" data-e-type=\"widget\" data-widget_type=\"text-editor.default\">\n\t\t\t\t<div class=\"elementor-widget-container\">\n\t\t\t\t\t\t\t\t\t<span> You want to:<\/span>\n<ul>\n \t<li>do a job which has an impact<\/li>\n \t<li>tackle the challenges of today and tomorrow<\/li>\n \t<li>share common values<\/li>\n \t<li>work autonomously and be a creative driving force every day<\/li>\n \t<li>have an enriching experience to which you can bring your own boundless energy<\/li>\n \t<li>have a position within a team where you can be yourself<\/li>\n<\/ul>\n\nWe are recruiting in the areas of Research &#038; Innovation, Production, Quality, Sales, Customer Service, Purchasing, etc.\t\t\t\t\t\t\t\t<\/div>\n\t\t\t\t<\/div>\n\t\t\t\t\t<\/div>\n\t\t<\/div>\n\t\t\t\t<div class=\"elementor-column elementor-col-33 elementor-top-column elementor-element elementor-element-b3335f6\" data-id=\"b3335f6\" data-element_type=\"column\" data-e-type=\"column\">\n\t\t\t<div class=\"elementor-widget-wrap elementor-element-populated\">\n\t\t\t\t\t\t<div class=\"elementor-element elementor-element-4a7682a elementor-widget elementor-widget-heading\" data-id=\"4a7682a\" data-element_type=\"widget\" data-e-type=\"widget\" data-widget_type=\"heading.default\">\n\t\t\t\t<div class=\"elementor-widget-container\">\n\t\t\t\t\t<h2 class=\"elementor-heading-title elementor-size-default\">APPLY NOW!<\/h2>\t\t\t\t<\/div>\n\t\t\t\t<\/div>\n\t\t\t\t<div class=\"elementor-element elementor-element-2a5daaa elementor-widget__width-initial elementor-widget elementor-widget-shortcode\" data-id=\"2a5daaa\" data-element_type=\"widget\" data-e-type=\"widget\" id=\"for_apply\" data-widget_type=\"shortcode.default\">\n\t\t\t\t<div class=\"elementor-widget-container\">\n\t\t\t\t\t\t\t<div class=\"elementor-shortcode\">\n<div class=\"wpcf7 no-js\" id=\"wpcf7-f5533-o1\" lang=\"en-US\" dir=\"ltr\" data-wpcf7-id=\"5533\">\n<div class=\"screen-reader-response\"><p role=\"status\" aria-live=\"polite\" aria-atomic=\"true\"><\/p> <ul><\/ul><\/div>\n<form action=\"\/en\/wp-json\/wp\/v2\/pages\/5462#wpcf7-f5533-o1\" method=\"post\" class=\"wpcf7-form init\" aria-label=\"Contact form\" novalidate=\"novalidate\" data-status=\"init\">\n<fieldset class=\"hidden-fields-container\"><input type=\"hidden\" name=\"_wpcf7\" value=\"5533\" \/><input type=\"hidden\" name=\"_wpcf7_version\" value=\"6.1.5\" \/><input type=\"hidden\" name=\"_wpcf7_locale\" value=\"en_US\" \/><input type=\"hidden\" name=\"_wpcf7_unit_tag\" value=\"wpcf7-f5533-o1\" \/><input type=\"hidden\" name=\"_wpcf7_container_post\" value=\"0\" \/><input type=\"hidden\" name=\"_wpcf7_posted_data_hash\" value=\"\" \/>\n<\/fieldset>\n<p><span class=\"wpcf7-form-control-wrap\" data-name=\"lastname\"><input size=\"40\" maxlength=\"400\" class=\"wpcf7-form-control wpcf7-text wpcf7-validates-as-required\" id=\"lastname\" aria-required=\"true\" aria-invalid=\"false\" placeholder=\"LASTNAME *\" value=\"\" type=\"text\" name=\"lastname\" \/><\/span>\n<\/p>\n<p><span class=\"wpcf7-form-control-wrap\" data-name=\"firstname\"><input size=\"40\" maxlength=\"400\" class=\"wpcf7-form-control wpcf7-text wpcf7-validates-as-required\" id=\"firstname\" aria-required=\"true\" aria-invalid=\"false\" placeholder=\"FIRSTNAME *\" value=\"\" type=\"text\" name=\"firstname\" \/><\/span>\n<\/p>\n<p><span class=\"wpcf7-form-control-wrap\" data-name=\"email\"><input size=\"40\" maxlength=\"400\" class=\"wpcf7-form-control wpcf7-email wpcf7-validates-as-required wpcf7-text wpcf7-validates-as-email\" id=\"email\" aria-required=\"true\" aria-invalid=\"false\" placeholder=\"E-MAIL *\" value=\"\" type=\"email\" name=\"email\" \/><\/span>\n<\/p>\n<p><span class=\"wpcf7-form-control-wrap\" data-name=\"phone\"><input size=\"40\" maxlength=\"400\" class=\"wpcf7-form-control wpcf7-text wpcf7-validates-as-required\" id=\"phone\" aria-required=\"true\" aria-invalid=\"false\" placeholder=\"PHONE *\" value=\"\" type=\"text\" name=\"phone\" \/><\/span>\n<\/p>\n<p><span class=\"wpcf7-form-control-wrap\" data-name=\"message\"><textarea cols=\"40\" rows=\"10\" maxlength=\"2000\" class=\"wpcf7-form-control wpcf7-textarea wpcf7-validates-as-required\" id=\"msg\" aria-required=\"true\" aria-invalid=\"false\" placeholder=\"MESSAGE * :\" name=\"message\"><\/textarea><\/span>\n<\/p>\n<div style=\"text-align: right;\">\n\t<p><span class=\"wpcf7-form-control-wrap\" data-name=\"hcap-cf7\">\t\t<input\n\t\t\t\ttype=\"hidden\"\n\t\t\t\tclass=\"hcaptcha-widget-id\"\n\t\t\t\tname=\"hcaptcha-widget-id\"\n\t\t\t\tvalue=\"eyJzb3VyY2UiOlsiY29udGFjdC1mb3JtLTdcL3dwLWNvbnRhY3QtZm9ybS03LnBocCJdLCJmb3JtX2lkIjozMzY2fQ==-4b70539cdc6b9437b400481f6bc8fce9\">\n\t\t\t\t<span id=\"hcap_cf7-69f39fc9994273.02962402\" class=\"wpcf7-form-control h-captcha \"\n\t\t\tdata-sitekey=\"3ce46ac7-111e-426c-8bce-8133cb4799d4\"\n\t\t\tdata-theme=\"light\"\n\t\t\tdata-size=\"normal\"\n\t\t\tdata-auto=\"false\"\n\t\t\tdata-ajax=\"false\"\n\t\t\tdata-force=\"false\">\n\t\t<\/span>\n\t\t<input type=\"hidden\" id=\"_wpnonce\" name=\"_wpnonce\" value=\"fe00fd7473\" \/><input type=\"hidden\" name=\"_wp_http_referer\" value=\"\/en\/wp-json\/wp\/v2\/pages\/5462\" \/><\/span><input class=\"wpcf7-form-control wpcf7-submit has-spinner\" type=\"submit\" value=\"Apply\" \/>\n\t<\/p>\n<\/div><div class=\"wpcf7-response-output\" aria-hidden=\"true\"><\/div>\n<\/form>\n<\/div>\n<\/div>\n\t\t\t\t\t\t<\/div>\n\t\t\t\t<\/div>\n\t\t\t\t\t<\/div>\n\t\t<\/div>\n\t\t\t\t\t<\/div>\n\t\t<\/section>\n\t\t\t\t<\/div>\n\t\t","protected":false},"excerpt":{"rendered":"<p>Flexikeg is hiring! Our aim is to play our part in accelerating the green transition. With this in mind, we\u2019ve designed innovative, 100% environmentally responsible, economical and flexible kegs. We are providing stakeholders across the drinks ecosystem (producers, distributors) with ways of integrating a real green dimension into their activity. We\u2019re helping craft brewers, winegrowers, [&hellip;]<\/p>\n","protected":false},"author":8,"featured_media":0,"parent":0,"menu_order":50000,"comment_status":"closed","ping_status":"closed","template":"elementor_header_footer","meta":{"_acf_changed":false,"inline_featured_image":false,"footnotes":""},"class_list":["post-5462","page","type-page","status-publish","hentry"],"acf":[],"yoast_head":"<!-- This site is optimized with the Yoast SEO plugin v26.9 - https:\/\/yoast.com\/product\/yoast-seo-wordpress\/ -->\n<title>Flexikeg recrute ! - Flexikeg - F\u00fbt flexible \u00e9co-responsable<\/title>\n<meta name=\"description\" content=\"Flexikeg recrute ! Notre ambition est de contribuer \u00e0 notre \u00e9chelle \u00e0 l\u2019acc\u00e9l\u00e9ration de la transition \u00e9cologique.\" \/>\n<meta name=\"robots\" content=\"index, follow, max-snippet:-1, max-image-preview:large, max-video-preview:-1\" \/>\n<link rel=\"canonical\" href=\"https:\/\/www.flexikeg.com\/en\/recruitment\/\" \/>\n<meta property=\"og:locale\" content=\"en_US\" \/>\n<meta property=\"og:type\" content=\"article\" \/>\n<meta property=\"og:title\" content=\"Flexikeg recrute ! - Flexikeg - F\u00fbt flexible \u00e9co-responsable\" \/>\n<meta property=\"og:description\" content=\"Flexikeg recrute ! Notre ambition est de contribuer \u00e0 notre \u00e9chelle \u00e0 l\u2019acc\u00e9l\u00e9ration de la transition \u00e9cologique.\" \/>\n<meta property=\"og:url\" content=\"https:\/\/www.flexikeg.com\/en\/recruitment\/\" \/>\n<meta property=\"og:site_name\" content=\"Flexikeg\" \/>\n<meta property=\"article:modified_time\" content=\"2023-07-02T20:56:29+00:00\" \/>\n<meta property=\"og:image\" content=\"https:\/\/www.waci5162.odns.fr\/wp-content\/uploads\/flexikeg-equipe-1.jpg\" \/>\n<meta name=\"twitter:card\" content=\"summary_large_image\" \/>\n<meta name=\"twitter:label1\" content=\"Est. reading time\" \/>\n\t<meta name=\"twitter:data1\" content=\"2 minutes\" \/>\n<script type=\"application\/ld+json\" class=\"yoast-schema-graph\">{\"@context\":\"https:\/\/schema.org\",\"@graph\":[{\"@type\":\"WebPage\",\"@id\":\"https:\/\/www.flexikeg.com\/en\/recruitment\/\",\"url\":\"https:\/\/www.flexikeg.com\/en\/recruitment\/\",\"name\":\"Flexikeg recrute ! - Flexikeg - F\u00fbt flexible \u00e9co-responsable\",\"isPartOf\":{\"@id\":\"https:\/\/www.flexikeg.com\/en\/#website\"},\"primaryImageOfPage\":{\"@id\":\"https:\/\/www.flexikeg.com\/en\/recruitment\/#primaryimage\"},\"image\":{\"@id\":\"https:\/\/www.flexikeg.com\/en\/recruitment\/#primaryimage\"},\"thumbnailUrl\":\"https:\/\/www.waci5162.odns.fr\/wp-content\/uploads\/flexikeg-equipe-1.jpg\",\"datePublished\":\"2022-12-28T05:21:57+00:00\",\"dateModified\":\"2023-07-02T20:56:29+00:00\",\"description\":\"Flexikeg recrute ! Notre ambition est de contribuer \u00e0 notre \u00e9chelle \u00e0 l\u2019acc\u00e9l\u00e9ration de la transition \u00e9cologique.\",\"breadcrumb\":{\"@id\":\"https:\/\/www.flexikeg.com\/en\/recruitment\/#breadcrumb\"},\"inLanguage\":\"en-US\",\"potentialAction\":[{\"@type\":\"ReadAction\",\"target\":[\"https:\/\/www.flexikeg.com\/en\/recruitment\/\"]}]},{\"@type\":\"ImageObject\",\"inLanguage\":\"en-US\",\"@id\":\"https:\/\/www.flexikeg.com\/en\/recruitment\/#primaryimage\",\"url\":\"https:\/\/www.waci5162.odns.fr\/wp-content\/uploads\/flexikeg-equipe-1.jpg\",\"contentUrl\":\"https:\/\/www.waci5162.odns.fr\/wp-content\/uploads\/flexikeg-equipe-1.jpg\"},{\"@type\":\"BreadcrumbList\",\"@id\":\"https:\/\/www.flexikeg.com\/en\/recruitment\/#breadcrumb\",\"itemListElement\":[{\"@type\":\"ListItem\",\"position\":1,\"name\":\"Home\",\"item\":\"https:\/\/www.flexikeg.com\/en\/\"},{\"@type\":\"ListItem\",\"position\":2,\"name\":\"Recruitment\"}]},{\"@type\":\"WebSite\",\"@id\":\"https:\/\/www.flexikeg.com\/en\/#website\",\"url\":\"https:\/\/www.flexikeg.com\/en\/\",\"name\":\"Flexikeg\",\"description\":\"F\u00fbt flexible \u00e9co-responsable\",\"publisher\":{\"@id\":\"https:\/\/www.flexikeg.com\/en\/#organization\"},\"potentialAction\":[{\"@type\":\"SearchAction\",\"target\":{\"@type\":\"EntryPoint\",\"urlTemplate\":\"https:\/\/www.flexikeg.com\/en\/?s={search_term_string}\"},\"query-input\":{\"@type\":\"PropertyValueSpecification\",\"valueRequired\":true,\"valueName\":\"search_term_string\"}}],\"inLanguage\":\"en-US\"},{\"@type\":\"Organization\",\"@id\":\"https:\/\/www.flexikeg.com\/en\/#organization\",\"name\":\"Flexikeg\",\"url\":\"https:\/\/www.flexikeg.com\/en\/\",\"logo\":{\"@type\":\"ImageObject\",\"inLanguage\":\"en-US\",\"@id\":\"https:\/\/www.flexikeg.com\/en\/#\/schema\/logo\/image\/\",\"url\":\"https:\/\/www.flexikeg.com\/wp-content\/uploads\/ColibriLogoBaselineVert.png\",\"contentUrl\":\"https:\/\/www.flexikeg.com\/wp-content\/uploads\/ColibriLogoBaselineVert.png\",\"width\":1054,\"height\":423,\"caption\":\"Flexikeg\"},\"image\":{\"@id\":\"https:\/\/www.flexikeg.com\/en\/#\/schema\/logo\/image\/\"}}]}<\/script>\n<!-- \/ Yoast SEO plugin. -->","yoast_head_json":{"title":"Flexikeg recrute ! - Flexikeg - F\u00fbt flexible \u00e9co-responsable","description":"Flexikeg recrute ! Notre ambition est de contribuer \u00e0 notre \u00e9chelle \u00e0 l\u2019acc\u00e9l\u00e9ration de la transition \u00e9cologique.","robots":{"index":"index","follow":"follow","max-snippet":"max-snippet:-1","max-image-preview":"max-image-preview:large","max-video-preview":"max-video-preview:-1"},"canonical":"https:\/\/www.flexikeg.com\/en\/recruitment\/","og_locale":"en_US","og_type":"article","og_title":"Flexikeg recrute ! - Flexikeg - F\u00fbt flexible \u00e9co-responsable","og_description":"Flexikeg recrute ! Notre ambition est de contribuer \u00e0 notre \u00e9chelle \u00e0 l\u2019acc\u00e9l\u00e9ration de la transition \u00e9cologique.","og_url":"https:\/\/www.flexikeg.com\/en\/recruitment\/","og_site_name":"Flexikeg","article_modified_time":"2023-07-02T20:56:29+00:00","og_image":[{"url":"https:\/\/www.waci5162.odns.fr\/wp-content\/uploads\/flexikeg-equipe-1.jpg","type":"","width":"","height":""}],"twitter_card":"summary_large_image","twitter_misc":{"Est. reading time":"2 minutes"},"schema":{"@context":"https:\/\/schema.org","@graph":[{"@type":"WebPage","@id":"https:\/\/www.flexikeg.com\/en\/recruitment\/","url":"https:\/\/www.flexikeg.com\/en\/recruitment\/","name":"Flexikeg recrute ! - Flexikeg - F\u00fbt flexible \u00e9co-responsable","isPartOf":{"@id":"https:\/\/www.flexikeg.com\/en\/#website"},"primaryImageOfPage":{"@id":"https:\/\/www.flexikeg.com\/en\/recruitment\/#primaryimage"},"image":{"@id":"https:\/\/www.flexikeg.com\/en\/recruitment\/#primaryimage"},"thumbnailUrl":"https:\/\/www.waci5162.odns.fr\/wp-content\/uploads\/flexikeg-equipe-1.jpg","datePublished":"2022-12-28T05:21:57+00:00","dateModified":"2023-07-02T20:56:29+00:00","description":"Flexikeg recrute ! Notre ambition est de contribuer \u00e0 notre \u00e9chelle \u00e0 l\u2019acc\u00e9l\u00e9ration de la transition \u00e9cologique.","breadcrumb":{"@id":"https:\/\/www.flexikeg.com\/en\/recruitment\/#breadcrumb"},"inLanguage":"en-US","potentialAction":[{"@type":"ReadAction","target":["https:\/\/www.flexikeg.com\/en\/recruitment\/"]}]},{"@type":"ImageObject","inLanguage":"en-US","@id":"https:\/\/www.flexikeg.com\/en\/recruitment\/#primaryimage","url":"https:\/\/www.waci5162.odns.fr\/wp-content\/uploads\/flexikeg-equipe-1.jpg","contentUrl":"https:\/\/www.waci5162.odns.fr\/wp-content\/uploads\/flexikeg-equipe-1.jpg"},{"@type":"BreadcrumbList","@id":"https:\/\/www.flexikeg.com\/en\/recruitment\/#breadcrumb","itemListElement":[{"@type":"ListItem","position":1,"name":"Home","item":"https:\/\/www.flexikeg.com\/en\/"},{"@type":"ListItem","position":2,"name":"Recruitment"}]},{"@type":"WebSite","@id":"https:\/\/www.flexikeg.com\/en\/#website","url":"https:\/\/www.flexikeg.com\/en\/","name":"Flexikeg","description":"F\u00fbt flexible \u00e9co-responsable","publisher":{"@id":"https:\/\/www.flexikeg.com\/en\/#organization"},"potentialAction":[{"@type":"SearchAction","target":{"@type":"EntryPoint","urlTemplate":"https:\/\/www.flexikeg.com\/en\/?s={search_term_string}"},"query-input":{"@type":"PropertyValueSpecification","valueRequired":true,"valueName":"search_term_string"}}],"inLanguage":"en-US"},{"@type":"Organization","@id":"https:\/\/www.flexikeg.com\/en\/#organization","name":"Flexikeg","url":"https:\/\/www.flexikeg.com\/en\/","logo":{"@type":"ImageObject","inLanguage":"en-US","@id":"https:\/\/www.flexikeg.com\/en\/#\/schema\/logo\/image\/","url":"https:\/\/www.flexikeg.com\/wp-content\/uploads\/ColibriLogoBaselineVert.png","contentUrl":"https:\/\/www.flexikeg.com\/wp-content\/uploads\/ColibriLogoBaselineVert.png","width":1054,"height":423,"caption":"Flexikeg"},"image":{"@id":"https:\/\/www.flexikeg.com\/en\/#\/schema\/logo\/image\/"}}]}},"_links":{"self":[{"href":"https:\/\/www.flexikeg.com\/en\/wp-json\/wp\/v2\/pages\/5462","targetHints":{"allow":["GET"]}}],"collection":[{"href":"https:\/\/www.flexikeg.com\/en\/wp-json\/wp\/v2\/pages"}],"about":[{"href":"https:\/\/www.flexikeg.com\/en\/wp-json\/wp\/v2\/types\/page"}],"author":[{"embeddable":true,"href":"https:\/\/www.flexikeg.com\/en\/wp-json\/wp\/v2\/users\/8"}],"replies":[{"embeddable":true,"href":"https:\/\/www.flexikeg.com\/en\/wp-json\/wp\/v2\/comments?post=5462"}],"version-history":[{"count":4,"href":"https:\/\/www.flexikeg.com\/en\/wp-json\/wp\/v2\/pages\/5462\/revisions"}],"predecessor-version":[{"id":5529,"href":"https:\/\/www.flexikeg.com\/en\/wp-json\/wp\/v2\/pages\/5462\/revisions\/5529"}],"wp:attachment":[{"href":"https:\/\/www.flexikeg.com\/en\/wp-json\/wp\/v2\/media?parent=5462"}],"curies":[{"name":"wp","href":"https:\/\/api.w.org\/{rel}","templated":true}]}}