{"id":5452,"date":"2023-01-25T18:27:46","date_gmt":"2023-01-25T17:27:46","guid":{"rendered":"https:\/\/www.flexikeg.com\/vos-enjeux\/"},"modified":"2023-07-01T18:57:07","modified_gmt":"2023-07-01T16:57:07","slug":"your-needs","status":"publish","type":"page","link":"https:\/\/www.flexikeg.com\/en\/your-needs\/","title":{"rendered":"Your needs"},"content":{"rendered":"\t\t<div data-elementor-type=\"wp-page\" data-elementor-id=\"5452\" class=\"elementor elementor-5452 elementor-4752\" data-elementor-post-type=\"page\">\n\t\t\t\t\t\t<section class=\"elementor-section elementor-top-section elementor-element elementor-element-88d7a81 elementor-section-content-middle elementor-section-boxed elementor-section-height-default elementor-section-height-default\" data-id=\"88d7a81\" data-element_type=\"section\" data-e-type=\"section\" data-settings=\"{&quot;background_background&quot;:&quot;classic&quot;}\">\n\t\t\t\t\t\t<div class=\"elementor-container elementor-column-gap-default\">\n\t\t\t\t\t<div class=\"elementor-column elementor-col-100 elementor-top-column elementor-element elementor-element-23ffb05\" data-id=\"23ffb05\" data-element_type=\"column\" data-e-type=\"column\">\n\t\t\t<div class=\"elementor-widget-wrap elementor-element-populated\">\n\t\t\t\t\t\t<div class=\"elementor-element elementor-element-79af550 elementor-absolute elementor-widget elementor-widget-wp-widget-bcn_widget\" data-id=\"79af550\" data-element_type=\"widget\" data-e-type=\"widget\" data-settings=\"{&quot;_position&quot;:&quot;absolute&quot;}\" data-widget_type=\"wp-widget-bcn_widget.default\">\n\t\t\t\t<div class=\"elementor-widget-container\">\n\t\t\t\t\t<div class=\"breadcrumbs\" vocab=\"https:\/\/schema.org\/\" typeof=\"BreadcrumbList\"><span property=\"itemListElement\" typeof=\"ListItem\"><a property=\"item\" typeof=\"WebPage\" title=\"Go to Flexikeg.\" href=\"https:\/\/www.flexikeg.com\/en\/\" class=\"home\" ><span property=\"name\">Flexikeg<\/span><\/a><meta property=\"position\" content=\"1\"><\/span> &gt; <span property=\"itemListElement\" typeof=\"ListItem\"><a property=\"item\" typeof=\"WebPage\" title=\"Go to Blog.\" href=\"https:\/\/www.flexikeg.com\/fr\/blog\/\" class=\"post-root post post-post\" aria-current=\"page\"><span property=\"name\">Blog<\/span><\/a><meta property=\"position\" content=\"2\"><\/span><\/div>\t\t\t\t<\/div>\n\t\t\t\t<\/div>\n\t\t\t\t<section class=\"elementor-section elementor-inner-section elementor-element elementor-element-7c6e89b elementor-section-content-middle elementor-section-boxed elementor-section-height-default elementor-section-height-default\" data-id=\"7c6e89b\" data-element_type=\"section\" data-e-type=\"section\">\n\t\t\t\t\t\t<div class=\"elementor-container elementor-column-gap-default\">\n\t\t\t\t\t<div class=\"elementor-column elementor-col-100 elementor-inner-column elementor-element elementor-element-c143ca5\" data-id=\"c143ca5\" data-element_type=\"column\" data-e-type=\"column\">\n\t\t\t<div class=\"elementor-widget-wrap elementor-element-populated\">\n\t\t\t\t\t\t\t<\/div>\n\t\t<\/div>\n\t\t\t\t\t<\/div>\n\t\t<\/section>\n\t\t\t\t\t<\/div>\n\t\t<\/div>\n\t\t\t\t\t<\/div>\n\t\t<\/section>\n\t\t\t\t<section class=\"elementor-section elementor-top-section elementor-element elementor-element-2a33a66 radial_bg2 elementor-section-boxed elementor-section-height-default elementor-section-height-default\" data-id=\"2a33a66\" data-element_type=\"section\" data-e-type=\"section\">\n\t\t\t\t\t\t<div class=\"elementor-container elementor-column-gap-default\">\n\t\t\t\t\t<div class=\"elementor-column elementor-col-100 elementor-top-column elementor-element elementor-element-ffb082f\" data-id=\"ffb082f\" data-element_type=\"column\" data-e-type=\"column\">\n\t\t\t<div class=\"elementor-widget-wrap elementor-element-populated\">\n\t\t\t\t\t\t<section class=\"elementor-section elementor-inner-section elementor-element elementor-element-cc3bed8 elementor-section-boxed elementor-section-height-default elementor-section-height-default\" data-id=\"cc3bed8\" data-element_type=\"section\" data-e-type=\"section\">\n\t\t\t\t\t\t<div class=\"elementor-container elementor-column-gap-default\">\n\t\t\t\t\t<div class=\"elementor-column elementor-col-33 elementor-inner-column elementor-element elementor-element-7b70728\" data-id=\"7b70728\" data-element_type=\"column\" data-e-type=\"column\">\n\t\t\t<div class=\"elementor-widget-wrap elementor-element-populated\">\n\t\t\t\t\t\t<div class=\"elementor-element elementor-element-4b4acff elementor-hidden-mobile elementor-widget elementor-widget-spacer\" data-id=\"4b4acff\" data-element_type=\"widget\" data-e-type=\"widget\" data-widget_type=\"spacer.default\">\n\t\t\t\t<div class=\"elementor-widget-container\">\n\t\t\t\t\t\t\t<div class=\"elementor-spacer\">\n\t\t\t<div class=\"elementor-spacer-inner\"><\/div>\n\t\t<\/div>\n\t\t\t\t\t\t<\/div>\n\t\t\t\t<\/div>\n\t\t\t\t<div class=\"elementor-element elementor-element-42f522e elementor-widget elementor-widget-image\" data-id=\"42f522e\" data-element_type=\"widget\" data-e-type=\"widget\" data-widget_type=\"image.default\">\n\t\t\t\t<div class=\"elementor-widget-container\">\n\t\t\t\t\t\t\t\t\t\t\t\t\t\t\t<img fetchpriority=\"high\" decoding=\"async\" width=\"430\" height=\"430\" src=\"https:\/\/www.flexikeg.com\/wp-content\/uploads\/Flexikeg-brasseur-1.png\" class=\"attachment-large size-large wp-image-5428\" alt=\"\" srcset=\"https:\/\/www.flexikeg.com\/wp-content\/uploads\/Flexikeg-brasseur-1.png 430w, https:\/\/www.flexikeg.com\/wp-content\/uploads\/Flexikeg-brasseur-1-300x300.png 300w, https:\/\/www.flexikeg.com\/wp-content\/uploads\/Flexikeg-brasseur-1-150x150.png 150w\" sizes=\"(max-width: 430px) 100vw, 430px\" \/>\t\t\t\t\t\t\t\t\t\t\t\t\t\t\t<\/div>\n\t\t\t\t<\/div>\n\t\t\t\t<div class=\"elementor-element elementor-element-fa4435e elementor-widget elementor-widget-heading\" data-id=\"fa4435e\" data-element_type=\"widget\" data-e-type=\"widget\" data-widget_type=\"heading.default\">\n\t\t\t\t<div class=\"elementor-widget-container\">\n\t\t\t\t\t<h3 class=\"elementor-heading-title elementor-size-default\">Brewers<\/h3>\t\t\t\t<\/div>\n\t\t\t\t<\/div>\n\t\t\t\t<div class=\"elementor-element elementor-element-0ef10f6 elementor-widget elementor-widget-text-editor\" data-id=\"0ef10f6\" data-element_type=\"widget\" data-e-type=\"widget\" data-widget_type=\"text-editor.default\">\n\t\t\t\t<div class=\"elementor-widget-container\">\n\t\t\t\t\t\t\t\t\t<a href=\"https:\/\/www.flexikeg.com\/en\/your-needs\/brewers\/\">Find out more<\/a>\t\t\t\t\t\t\t\t<\/div>\n\t\t\t\t<\/div>\n\t\t\t\t\t<\/div>\n\t\t<\/div>\n\t\t\t\t<div class=\"elementor-column elementor-col-33 elementor-inner-column elementor-element elementor-element-38d44d9\" data-id=\"38d44d9\" data-element_type=\"column\" data-e-type=\"column\">\n\t\t\t<div class=\"elementor-widget-wrap elementor-element-populated\">\n\t\t\t\t\t\t<div class=\"elementor-element elementor-element-a190a32 elementor-widget elementor-widget-image\" data-id=\"a190a32\" data-element_type=\"widget\" data-e-type=\"widget\" data-widget_type=\"image.default\">\n\t\t\t\t<div class=\"elementor-widget-container\">\n\t\t\t\t\t\t\t\t\t\t\t\t\t\t\t<img decoding=\"async\" width=\"430\" height=\"430\" src=\"https:\/\/www.flexikeg.com\/wp-content\/uploads\/Flexikeg-vigneron.png\" class=\"attachment-large size-large wp-image-5362\" alt=\"\" srcset=\"https:\/\/www.flexikeg.com\/wp-content\/uploads\/Flexikeg-vigneron.png 430w, https:\/\/www.flexikeg.com\/wp-content\/uploads\/Flexikeg-vigneron-300x300.png 300w, https:\/\/www.flexikeg.com\/wp-content\/uploads\/Flexikeg-vigneron-150x150.png 150w\" sizes=\"(max-width: 430px) 100vw, 430px\" \/>\t\t\t\t\t\t\t\t\t\t\t\t\t\t\t<\/div>\n\t\t\t\t<\/div>\n\t\t\t\t<div class=\"elementor-element elementor-element-c06b8eb elementor-widget__width-auto elementor-absolute animation_css elementor-hidden-mobile elementor-widget elementor-widget-image\" data-id=\"c06b8eb\" data-element_type=\"widget\" data-e-type=\"widget\" data-settings=\"{&quot;_position&quot;:&quot;absolute&quot;}\" data-widget_type=\"image.default\">\n\t\t\t\t<div class=\"elementor-widget-container\">\n\t\t\t\t\t\t\t\t\t\t\t\t\t\t\t<img decoding=\"async\" width=\"160\" height=\"170\" src=\"https:\/\/www.flexikeg.com\/wp-content\/uploads\/Group-51.svg\" class=\"attachment-large size-large wp-image-5303\" alt=\"\" \/>\t\t\t\t\t\t\t\t\t\t\t\t\t\t\t<\/div>\n\t\t\t\t<\/div>\n\t\t\t\t<div class=\"elementor-element elementor-element-128beee elementor-widget elementor-widget-heading\" data-id=\"128beee\" data-element_type=\"widget\" data-e-type=\"widget\" data-widget_type=\"heading.default\">\n\t\t\t\t<div class=\"elementor-widget-container\">\n\t\t\t\t\t<h3 class=\"elementor-heading-title elementor-size-default\">Winemakers<\/h3>\t\t\t\t<\/div>\n\t\t\t\t<\/div>\n\t\t\t\t<div class=\"elementor-element elementor-element-337923c elementor-widget elementor-widget-text-editor\" data-id=\"337923c\" data-element_type=\"widget\" data-e-type=\"widget\" data-widget_type=\"text-editor.default\">\n\t\t\t\t<div class=\"elementor-widget-container\">\n\t\t\t\t\t\t\t\t\t<a href=\"https:\/\/www.flexikeg.com\/en\/your-needs\/winemakers\/\">Find out more<\/a>\t\t\t\t\t\t\t\t<\/div>\n\t\t\t\t<\/div>\n\t\t\t\t\t<\/div>\n\t\t<\/div>\n\t\t\t\t<div class=\"elementor-column elementor-col-33 elementor-inner-column elementor-element elementor-element-5327d4e\" data-id=\"5327d4e\" data-element_type=\"column\" data-e-type=\"column\">\n\t\t\t<div class=\"elementor-widget-wrap elementor-element-populated\">\n\t\t\t\t\t\t<div class=\"elementor-element elementor-element-edab991 elementor-widget elementor-widget-spacer\" data-id=\"edab991\" data-element_type=\"widget\" data-e-type=\"widget\" data-widget_type=\"spacer.default\">\n\t\t\t\t<div class=\"elementor-widget-container\">\n\t\t\t\t\t\t\t<div class=\"elementor-spacer\">\n\t\t\t<div class=\"elementor-spacer-inner\"><\/div>\n\t\t<\/div>\n\t\t\t\t\t\t<\/div>\n\t\t\t\t<\/div>\n\t\t\t\t<div class=\"elementor-element elementor-element-934ad65 elementor-widget elementor-widget-image\" data-id=\"934ad65\" data-element_type=\"widget\" data-e-type=\"widget\" data-widget_type=\"image.default\">\n\t\t\t\t<div class=\"elementor-widget-container\">\n\t\t\t\t\t\t\t\t\t\t\t\t\t\t\t<img loading=\"lazy\" decoding=\"async\" width=\"430\" height=\"430\" src=\"https:\/\/www.flexikeg.com\/wp-content\/uploads\/Flexikeg-distributeur.png\" class=\"attachment-large size-large wp-image-5363\" alt=\"\" srcset=\"https:\/\/www.flexikeg.com\/wp-content\/uploads\/Flexikeg-distributeur.png 430w, https:\/\/www.flexikeg.com\/wp-content\/uploads\/Flexikeg-distributeur-300x300.png 300w, https:\/\/www.flexikeg.com\/wp-content\/uploads\/Flexikeg-distributeur-150x150.png 150w\" sizes=\"(max-width: 430px) 100vw, 430px\" \/>\t\t\t\t\t\t\t\t\t\t\t\t\t\t\t<\/div>\n\t\t\t\t<\/div>\n\t\t\t\t<div class=\"elementor-element elementor-element-ffd5350 elementor-widget elementor-widget-heading\" data-id=\"ffd5350\" data-element_type=\"widget\" data-e-type=\"widget\" data-widget_type=\"heading.default\">\n\t\t\t\t<div class=\"elementor-widget-container\">\n\t\t\t\t\t<h3 class=\"elementor-heading-title elementor-size-default\">Drinking establishments<\/h3>\t\t\t\t<\/div>\n\t\t\t\t<\/div>\n\t\t\t\t<div class=\"elementor-element elementor-element-707ab83 elementor-widget elementor-widget-text-editor\" data-id=\"707ab83\" data-element_type=\"widget\" data-e-type=\"widget\" data-widget_type=\"text-editor.default\">\n\t\t\t\t<div class=\"elementor-widget-container\">\n\t\t\t\t\t\t\t\t\t<a href=\"https:\/\/www.flexikeg.com\/en\/your-needs\/drinking-establishments\/\">Find out more<\/a>\t\t\t\t\t\t\t\t<\/div>\n\t\t\t\t<\/div>\n\t\t\t\t\t<\/div>\n\t\t<\/div>\n\t\t\t\t\t<\/div>\n\t\t<\/section>\n\t\t\t\t\t<\/div>\n\t\t<\/div>\n\t\t\t\t\t<\/div>\n\t\t<\/section>\n\t\t\t\t<\/div>\n\t\t","protected":false},"excerpt":{"rendered":"<p>Brewers Find out more Winemakers Find out more Drinking establishments Find out more<\/p>\n","protected":false},"author":8,"featured_media":0,"parent":0,"menu_order":10000,"comment_status":"closed","ping_status":"closed","template":"elementor_header_footer","meta":{"_acf_changed":false,"inline_featured_image":false,"footnotes":""},"class_list":["post-5452","page","type-page","status-publish","hentry"],"acf":[],"yoast_head":"<!-- This site is optimized with the Yoast SEO plugin v26.9 - https:\/\/yoast.com\/product\/yoast-seo-wordpress\/ -->\n<title>Your needs - Flexikeg - F\u00fbt flexible \u00e9co-responsable<\/title>\n<meta name=\"description\" content=\"D\u00e9couvrez nos solutions pour r\u00e9pondre \u00e0 vos d\u00e9fis d\u2019aujourd\u2019hui et de demain, que vous soyez brasseur, vigneron ou d\u00e9bit de boisson\" \/>\n<meta name=\"robots\" content=\"index, follow, max-snippet:-1, max-image-preview:large, max-video-preview:-1\" \/>\n<link rel=\"canonical\" href=\"https:\/\/www.flexikeg.com\/en\/your-needs\/\" \/>\n<meta property=\"og:locale\" content=\"en_US\" \/>\n<meta property=\"og:type\" content=\"article\" \/>\n<meta property=\"og:title\" content=\"Your needs - Flexikeg - F\u00fbt flexible \u00e9co-responsable\" \/>\n<meta property=\"og:description\" content=\"D\u00e9couvrez nos solutions pour r\u00e9pondre \u00e0 vos d\u00e9fis d\u2019aujourd\u2019hui et de demain, que vous soyez brasseur, vigneron ou d\u00e9bit de boisson\" \/>\n<meta property=\"og:url\" content=\"https:\/\/www.flexikeg.com\/en\/your-needs\/\" \/>\n<meta property=\"og:site_name\" content=\"Flexikeg\" \/>\n<meta property=\"article:modified_time\" content=\"2023-07-01T16:57:07+00:00\" \/>\n<meta property=\"og:image\" content=\"https:\/\/www.waci5162.odns.fr\/wp-content\/uploads\/Flexikeg-brasseur-1.png\" \/>\n<meta name=\"twitter:card\" content=\"summary_large_image\" \/>\n<meta name=\"twitter:label1\" content=\"Est. reading time\" \/>\n\t<meta name=\"twitter:data1\" content=\"1 minute\" \/>\n<script type=\"application\/ld+json\" class=\"yoast-schema-graph\">{\"@context\":\"https:\/\/schema.org\",\"@graph\":[{\"@type\":\"WebPage\",\"@id\":\"https:\/\/www.flexikeg.com\/en\/your-needs\/\",\"url\":\"https:\/\/www.flexikeg.com\/en\/your-needs\/\",\"name\":\"Your needs - Flexikeg - F\u00fbt flexible \u00e9co-responsable\",\"isPartOf\":{\"@id\":\"https:\/\/www.flexikeg.com\/en\/#website\"},\"primaryImageOfPage\":{\"@id\":\"https:\/\/www.flexikeg.com\/en\/your-needs\/#primaryimage\"},\"image\":{\"@id\":\"https:\/\/www.flexikeg.com\/en\/your-needs\/#primaryimage\"},\"thumbnailUrl\":\"https:\/\/www.waci5162.odns.fr\/wp-content\/uploads\/Flexikeg-brasseur-1.png\",\"datePublished\":\"2023-01-25T17:27:46+00:00\",\"dateModified\":\"2023-07-01T16:57:07+00:00\",\"description\":\"D\u00e9couvrez nos solutions pour r\u00e9pondre \u00e0 vos d\u00e9fis d\u2019aujourd\u2019hui et de demain, que vous soyez brasseur, vigneron ou d\u00e9bit de boisson\",\"breadcrumb\":{\"@id\":\"https:\/\/www.flexikeg.com\/en\/your-needs\/#breadcrumb\"},\"inLanguage\":\"en-US\",\"potentialAction\":[{\"@type\":\"ReadAction\",\"target\":[\"https:\/\/www.flexikeg.com\/en\/your-needs\/\"]}]},{\"@type\":\"ImageObject\",\"inLanguage\":\"en-US\",\"@id\":\"https:\/\/www.flexikeg.com\/en\/your-needs\/#primaryimage\",\"url\":\"https:\/\/www.waci5162.odns.fr\/wp-content\/uploads\/Flexikeg-brasseur-1.png\",\"contentUrl\":\"https:\/\/www.waci5162.odns.fr\/wp-content\/uploads\/Flexikeg-brasseur-1.png\"},{\"@type\":\"BreadcrumbList\",\"@id\":\"https:\/\/www.flexikeg.com\/en\/your-needs\/#breadcrumb\",\"itemListElement\":[{\"@type\":\"ListItem\",\"position\":1,\"name\":\"Home\",\"item\":\"https:\/\/www.flexikeg.com\/en\/\"},{\"@type\":\"ListItem\",\"position\":2,\"name\":\"Your needs\"}]},{\"@type\":\"WebSite\",\"@id\":\"https:\/\/www.flexikeg.com\/en\/#website\",\"url\":\"https:\/\/www.flexikeg.com\/en\/\",\"name\":\"Flexikeg\",\"description\":\"F\u00fbt flexible \u00e9co-responsable\",\"publisher\":{\"@id\":\"https:\/\/www.flexikeg.com\/en\/#organization\"},\"potentialAction\":[{\"@type\":\"SearchAction\",\"target\":{\"@type\":\"EntryPoint\",\"urlTemplate\":\"https:\/\/www.flexikeg.com\/en\/?s={search_term_string}\"},\"query-input\":{\"@type\":\"PropertyValueSpecification\",\"valueRequired\":true,\"valueName\":\"search_term_string\"}}],\"inLanguage\":\"en-US\"},{\"@type\":\"Organization\",\"@id\":\"https:\/\/www.flexikeg.com\/en\/#organization\",\"name\":\"Flexikeg\",\"url\":\"https:\/\/www.flexikeg.com\/en\/\",\"logo\":{\"@type\":\"ImageObject\",\"inLanguage\":\"en-US\",\"@id\":\"https:\/\/www.flexikeg.com\/en\/#\/schema\/logo\/image\/\",\"url\":\"https:\/\/www.flexikeg.com\/wp-content\/uploads\/ColibriLogoBaselineVert.png\",\"contentUrl\":\"https:\/\/www.flexikeg.com\/wp-content\/uploads\/ColibriLogoBaselineVert.png\",\"width\":1054,\"height\":423,\"caption\":\"Flexikeg\"},\"image\":{\"@id\":\"https:\/\/www.flexikeg.com\/en\/#\/schema\/logo\/image\/\"}}]}<\/script>\n<!-- \/ Yoast SEO plugin. -->","yoast_head_json":{"title":"Your needs - Flexikeg - F\u00fbt flexible \u00e9co-responsable","description":"D\u00e9couvrez nos solutions pour r\u00e9pondre \u00e0 vos d\u00e9fis d\u2019aujourd\u2019hui et de demain, que vous soyez brasseur, vigneron ou d\u00e9bit de boisson","robots":{"index":"index","follow":"follow","max-snippet":"max-snippet:-1","max-image-preview":"max-image-preview:large","max-video-preview":"max-video-preview:-1"},"canonical":"https:\/\/www.flexikeg.com\/en\/your-needs\/","og_locale":"en_US","og_type":"article","og_title":"Your needs - Flexikeg - F\u00fbt flexible \u00e9co-responsable","og_description":"D\u00e9couvrez nos solutions pour r\u00e9pondre \u00e0 vos d\u00e9fis d\u2019aujourd\u2019hui et de demain, que vous soyez brasseur, vigneron ou d\u00e9bit de boisson","og_url":"https:\/\/www.flexikeg.com\/en\/your-needs\/","og_site_name":"Flexikeg","article_modified_time":"2023-07-01T16:57:07+00:00","og_image":[{"url":"https:\/\/www.waci5162.odns.fr\/wp-content\/uploads\/Flexikeg-brasseur-1.png","type":"","width":"","height":""}],"twitter_card":"summary_large_image","twitter_misc":{"Est. reading time":"1 minute"},"schema":{"@context":"https:\/\/schema.org","@graph":[{"@type":"WebPage","@id":"https:\/\/www.flexikeg.com\/en\/your-needs\/","url":"https:\/\/www.flexikeg.com\/en\/your-needs\/","name":"Your needs - Flexikeg - F\u00fbt flexible \u00e9co-responsable","isPartOf":{"@id":"https:\/\/www.flexikeg.com\/en\/#website"},"primaryImageOfPage":{"@id":"https:\/\/www.flexikeg.com\/en\/your-needs\/#primaryimage"},"image":{"@id":"https:\/\/www.flexikeg.com\/en\/your-needs\/#primaryimage"},"thumbnailUrl":"https:\/\/www.waci5162.odns.fr\/wp-content\/uploads\/Flexikeg-brasseur-1.png","datePublished":"2023-01-25T17:27:46+00:00","dateModified":"2023-07-01T16:57:07+00:00","description":"D\u00e9couvrez nos solutions pour r\u00e9pondre \u00e0 vos d\u00e9fis d\u2019aujourd\u2019hui et de demain, que vous soyez brasseur, vigneron ou d\u00e9bit de boisson","breadcrumb":{"@id":"https:\/\/www.flexikeg.com\/en\/your-needs\/#breadcrumb"},"inLanguage":"en-US","potentialAction":[{"@type":"ReadAction","target":["https:\/\/www.flexikeg.com\/en\/your-needs\/"]}]},{"@type":"ImageObject","inLanguage":"en-US","@id":"https:\/\/www.flexikeg.com\/en\/your-needs\/#primaryimage","url":"https:\/\/www.waci5162.odns.fr\/wp-content\/uploads\/Flexikeg-brasseur-1.png","contentUrl":"https:\/\/www.waci5162.odns.fr\/wp-content\/uploads\/Flexikeg-brasseur-1.png"},{"@type":"BreadcrumbList","@id":"https:\/\/www.flexikeg.com\/en\/your-needs\/#breadcrumb","itemListElement":[{"@type":"ListItem","position":1,"name":"Home","item":"https:\/\/www.flexikeg.com\/en\/"},{"@type":"ListItem","position":2,"name":"Your needs"}]},{"@type":"WebSite","@id":"https:\/\/www.flexikeg.com\/en\/#website","url":"https:\/\/www.flexikeg.com\/en\/","name":"Flexikeg","description":"F\u00fbt flexible \u00e9co-responsable","publisher":{"@id":"https:\/\/www.flexikeg.com\/en\/#organization"},"potentialAction":[{"@type":"SearchAction","target":{"@type":"EntryPoint","urlTemplate":"https:\/\/www.flexikeg.com\/en\/?s={search_term_string}"},"query-input":{"@type":"PropertyValueSpecification","valueRequired":true,"valueName":"search_term_string"}}],"inLanguage":"en-US"},{"@type":"Organization","@id":"https:\/\/www.flexikeg.com\/en\/#organization","name":"Flexikeg","url":"https:\/\/www.flexikeg.com\/en\/","logo":{"@type":"ImageObject","inLanguage":"en-US","@id":"https:\/\/www.flexikeg.com\/en\/#\/schema\/logo\/image\/","url":"https:\/\/www.flexikeg.com\/wp-content\/uploads\/ColibriLogoBaselineVert.png","contentUrl":"https:\/\/www.flexikeg.com\/wp-content\/uploads\/ColibriLogoBaselineVert.png","width":1054,"height":423,"caption":"Flexikeg"},"image":{"@id":"https:\/\/www.flexikeg.com\/en\/#\/schema\/logo\/image\/"}}]}},"_links":{"self":[{"href":"https:\/\/www.flexikeg.com\/en\/wp-json\/wp\/v2\/pages\/5452","targetHints":{"allow":["GET"]}}],"collection":[{"href":"https:\/\/www.flexikeg.com\/en\/wp-json\/wp\/v2\/pages"}],"about":[{"href":"https:\/\/www.flexikeg.com\/en\/wp-json\/wp\/v2\/types\/page"}],"author":[{"embeddable":true,"href":"https:\/\/www.flexikeg.com\/en\/wp-json\/wp\/v2\/users\/8"}],"replies":[{"embeddable":true,"href":"https:\/\/www.flexikeg.com\/en\/wp-json\/wp\/v2\/comments?post=5452"}],"version-history":[{"count":4,"href":"https:\/\/www.flexikeg.com\/en\/wp-json\/wp\/v2\/pages\/5452\/revisions"}],"predecessor-version":[{"id":5480,"href":"https:\/\/www.flexikeg.com\/en\/wp-json\/wp\/v2\/pages\/5452\/revisions\/5480"}],"wp:attachment":[{"href":"https:\/\/www.flexikeg.com\/en\/wp-json\/wp\/v2\/media?parent=5452"}],"curies":[{"name":"wp","href":"https:\/\/api.w.org\/{rel}","templated":true}]}}